{"id":2773,"date":"2026-04-19T15:08:55","date_gmt":"2026-04-19T15:08:55","guid":{"rendered":"https:\/\/cmve.ca\/?post_type=product&#038;p=2773"},"modified":"2026-04-20T13:42:11","modified_gmt":"2026-04-20T13:42:11","slug":"concept-le-truc-en-question-dieu","status":"publish","type":"product","link":"https:\/\/cmve.ca\/en\/product\/concept-le-truc-en-question-dieu\/","title":{"rendered":"Concept &#8211; Le truc en question &#8211; Dieu"},"content":{"rendered":"<p data-start=\"426\" data-end=\"549\">Et si le mot \u00ab Dieu \u00bb ne d\u00e9signait pas une entit\u00e9, mais une r\u00e9alit\u00e9 fondamentale d\u00e9j\u00e0 \u00e0 l\u2019\u0153uvre dans tout ce qui existe ?<\/p>\n<p data-start=\"426\" data-end=\"549\">Ce concept propose d\u2019aborder cette question \u00e0 partir d\u2019un point d\u2019appui simple : ce que la science et l\u2019observation nous montrent d\u00e9j\u00e0. La mati\u00e8re, lorsqu\u2019on l\u2019explore en profondeur, r\u00e9v\u00e8le qu\u2019elle n\u2019est pas solide, mais constitu\u00e9e d\u2019\u00e9nergie en mouvement, en vibration.<\/p>\n<p data-start=\"426\" data-end=\"549\">En suivant ce fil, une coh\u00e9rence appara\u00eet : l\u2019univers, le corps humain et ce que l\u2019on appelle \u00ab Dieu \u00bb pourraient \u00eatre diff\u00e9rentes expressions d\u2019un m\u00eame principe \u00e9nerg\u00e9tique.<\/p>\n<p data-start=\"426\" data-end=\"549\">Ce regard permet de comprendre autrement ce que l\u2019on appelle \u00ab Dieu \u00bb \u2014 non plus comme une id\u00e9e ou une croyance, mais comme une r\u00e9alit\u00e9 \u00e9nerg\u00e9tique \u2014 et de reconna\u00eetre que l\u2019\u00eatre humain lui-m\u00eame participe de cette m\u00eame nature.<\/p>\n<p data-start=\"426\" data-end=\"549\">Une invitation \u00e0 aller plus loin dans cette compr\u00e9hension, en d\u00e9couvrant le concept au complet, pour en saisir toute la port\u00e9e et ce que cela change dans la fa\u00e7on de voir et de comprendre la r\u00e9alit\u00e9.<\/p>\n<p data-start=\"426\" data-end=\"549\">Une lecture simple d\u2019une r\u00e9alit\u00e9 souvent mal comprise.<\/p>","protected":false},"excerpt":{"rendered":"<p>Et si \u00ab Dieu \u00bb n\u2019\u00e9tait pas une croyance, mais une r\u00e9alit\u00e9 \u00e9nerg\u00e9tique \u00e0 l\u2019\u0153uvre en tout ?<br data-start=\"287\" data-end=\"290\" \/>Ce concept explore le lien entre la mati\u00e8re, l\u2019\u00eatre humain et l\u2019\u00e9nergie, pour proposer une compr\u00e9hension plus simple et directe de ce que ce mot d\u00e9signe r\u00e9ellement.<\/p>","protected":false},"featured_media":2784,"comment_status":"open","ping_status":"closed","template":"","meta":{"_et_pb_use_builder":"","_et_pb_old_content":"","_et_gb_content_width":"","pagelayer_contact_templates":[],"_pagelayer_content":""},"product_brand":[],"product_cat":[33],"product_tag":[],"class_list":{"0":"post-2773","1":"product","2":"type-product","3":"status-publish","4":"has-post-thumbnail","6":"product_cat-concepts","8":"first","9":"instock","10":"downloadable","11":"virtual","12":"purchasable","13":"product-type-simple"},"_links":{"self":[{"href":"https:\/\/cmve.ca\/en\/wp-json\/wp\/v2\/product\/2773","targetHints":{"allow":["GET"]}}],"collection":[{"href":"https:\/\/cmve.ca\/en\/wp-json\/wp\/v2\/product"}],"about":[{"href":"https:\/\/cmve.ca\/en\/wp-json\/wp\/v2\/types\/product"}],"replies":[{"embeddable":true,"href":"https:\/\/cmve.ca\/en\/wp-json\/wp\/v2\/comments?post=2773"}],"wp:featuredmedia":[{"embeddable":true,"href":"https:\/\/cmve.ca\/en\/wp-json\/wp\/v2\/media\/2784"}],"wp:attachment":[{"href":"https:\/\/cmve.ca\/en\/wp-json\/wp\/v2\/media?parent=2773"}],"wp:term":[{"taxonomy":"product_brand","embeddable":true,"href":"https:\/\/cmve.ca\/en\/wp-json\/wp\/v2\/product_brand?post=2773"},{"taxonomy":"product_cat","embeddable":true,"href":"https:\/\/cmve.ca\/en\/wp-json\/wp\/v2\/product_cat?post=2773"},{"taxonomy":"product_tag","embeddable":true,"href":"https:\/\/cmve.ca\/en\/wp-json\/wp\/v2\/product_tag?post=2773"}],"curies":[{"name":"wp","href":"https:\/\/api.w.org\/{rel}","templated":true}]}}