{"id":290,"date":"2026-01-31T17:35:36","date_gmt":"2026-01-31T17:35:36","guid":{"rendered":"https:\/\/cmve.ca\/?page_id=290"},"modified":"2026-04-13T13:10:38","modified_gmt":"2026-04-13T13:10:38","slug":"le-livre","status":"publish","type":"page","link":"https:\/\/cmve.ca\/en\/le-livre\/","title":{"rendered":"The book"},"content":{"rendered":"<p>[et_pb_section fb_built=\u00a0\u00bb1&Prime; _builder_version=\u00a0\u00bb4.27.5&Prime; _module_preset=\u00a0\u00bbdefault\u00a0\u00bb global_colors_info=\u00a0\u00bb{}\u00a0\u00bb][et_pb_row column_structure=\u00a0\u00bb1_3,1_3,1_3&Prime; _builder_version=\u00a0\u00bb4.27.5&Prime; _module_preset=\u00a0\u00bbdefault\u00a0\u00bb custom_margin=\u00a0\u00bb8px|auto||auto||\u00a0\u00bb custom_padding=\u00a0\u00bb||0px|||\u00a0\u00bb global_colors_info=\u00a0\u00bb{}\u00a0\u00bb][et_pb_column type=\u00a0\u00bb1_3&Prime; _builder_version=\u00a0\u00bb4.27.5&Prime; _module_preset=\u00a0\u00bbdefault\u00a0\u00bb global_colors_info=\u00a0\u00bb{}\u00a0\u00bb][et_pb_image src=\u00a0\u00bbhttps:\/\/cmve.ca\/wp-content\/uploads\/2026\/02\/COUVERTURE-ECRITURE-v10-200&#215;300.png\u00a0\u00bb alt=\u00a0\u00bbLes Chemins du Retour \u00e0 la Maison\u00a0\u00bb title_text=\u00a0\u00bbLes Chemins du Retour \u00e0 la Maison\u00a0\u00bb align=\u00a0\u00bbright\u00a0\u00bb _builder_version=\u00a0\u00bb4.27.5&Prime; _module_preset=\u00a0\u00bbdefault\u00a0\u00bb box_shadow_style=\u00a0\u00bbpreset1&Prime; box_shadow_horizontal=\u00a0\u00bb6px\u00a0\u00bb global_colors_info=\u00a0\u00bb{}\u00a0\u00bb][\/et_pb_image][\/et_pb_column][et_pb_column type=\u00a0\u00bb1_3&Prime; _builder_version=\u00a0\u00bb4.27.5&Prime; _module_preset=\u00a0\u00bbdefault\u00a0\u00bb global_colors_info=\u00a0\u00bb{}\u00a0\u00bb][et_pb_text _builder_version=\u00a0\u00bb4.27.5&Prime; _module_preset=\u00a0\u00bbdefault\u00a0\u00bb text_font=\u00a0\u00bbTimes New Roman||on||||||\u00a0\u00bb text_font_size=\u00a0\u00bb18px\u00a0\u00bb header_2_font=\u00a0\u00bb|600|||||||\u00a0\u00bb header_2_font_size=\u00a0\u00bb28px\u00a0\u00bb text_orientation=\u00a0\u00bbcenter\u00a0\u00bb custom_margin=\u00a0\u00bb|-35px|7px|-46px||\u00a0\u00bb global_colors_info=\u00a0\u00bb{}\u00a0\u00bb]<\/p>\n<h2>Les Chemins<br \/>du Retour \u00e0 la Maison<\/h2>\n<p>[\/et_pb_text][et_pb_text _builder_version=\u00a0\u00bb4.27.5&Prime; _module_preset=\u00a0\u00bbdefault\u00a0\u00bb text_font=\u00a0\u00bb||on||||||\u00a0\u00bb text_font_size=\u00a0\u00bb18px\u00a0\u00bb header_2_font=\u00a0\u00bb||||||||\u00a0\u00bb header_2_text_align=\u00a0\u00bbcenter\u00a0\u00bb header_2_font_size=\u00a0\u00bb18px\u00a0\u00bb text_orientation=\u00a0\u00bbcenter\u00a0\u00bb custom_margin=\u00a0\u00bb|-30px|-1px|-64px|false|false\u00a0\u00bb custom_padding=\u00a0\u00bb||0px|||\u00a0\u00bb global_colors_info=\u00a0\u00bb{}\u00a0\u00bb]<\/p>\n<h2>Un livre pour comprendre<br \/>ce que nous vivons<\/h2>\n<p>&nbsp;<\/p>\n<p>[\/et_pb_text][et_pb_button button_text=\u00a0\u00bbBient\u00f4t accessible\u00a0\u00bb button_alignment=\u00a0\u00bbcenter\u00a0\u00bb _builder_version=\u00a0\u00bb4.27.5&Prime; _module_preset=\u00a0\u00bbdefault\u00a0\u00bb custom_button=\u00a0\u00bbon\u00a0\u00bb button_text_color=\u00a0\u00bb#FFFFFF\u00a0\u00bb button_bg_color=\u00a0\u00bb#8300E9&Prime; button_border_radius=\u00a0\u00bb14px\u00a0\u00bb custom_margin=\u00a0\u00bb-15px|-25px|7px|-41px|false|false\u00a0\u00bb global_colors_info=\u00a0\u00bb{}\u00a0\u00bb][\/et_pb_button][et_pb_text _builder_version=\u00a0\u00bb4.27.5&Prime; _module_preset=\u00a0\u00bbdefault\u00a0\u00bb text_font=\u00a0\u00bbTimes New Roman||||||||\u00a0\u00bb text_text_color=\u00a0\u00bb#000000&Prime; text_font_size=\u00a0\u00bb17px\u00a0\u00bb text_orientation=\u00a0\u00bbcenter\u00a0\u00bb custom_margin=\u00a0\u00bb|-27px||-46px|false|false\u00a0\u00bb global_colors_info=\u00a0\u00bb{}\u00a0\u00bb]<\/p>\n<p>En version papier ou num\u00e9rique (PDF)<\/p>\n<p>[\/et_pb_text][et_pb_button button_url=\u00a0\u00bbhttps:\/\/cmve.ca\/info-sortie-du-livre\/\u00a0\u00bb button_text=\u00a0\u00bb\u00catre inform\u00e9 \u00e0 la sortie du livre\u00a0\u00bb button_alignment=\u00a0\u00bbcenter\u00a0\u00bb _builder_version=\u00a0\u00bb4.27.6&Prime; _module_preset=\u00a0\u00bbdefault\u00a0\u00bb custom_button=\u00a0\u00bbon\u00a0\u00bb button_text_size=\u00a0\u00bb18px\u00a0\u00bb button_text_color=\u00a0\u00bb#000000&Prime; button_bg_color=\u00a0\u00bb#e2e2e2&Prime; button_border_color=\u00a0\u00bb#b7b7b7&Prime; button_border_radius=\u00a0\u00bb10px\u00a0\u00bb button_font=\u00a0\u00bbTimes New Roman||||||||\u00a0\u00bb custom_margin=\u00a0\u00bb|||-6px|false|false\u00a0\u00bb custom_padding=\u00a0\u00bb||||false|false\u00a0\u00bb hover_enabled=\u00a0\u00bb0&Prime; global_colors_info=\u00a0\u00bb{}\u00a0\u00bb sticky_enabled=\u00a0\u00bb0&Prime;][\/et_pb_button][\/et_pb_column][et_pb_column type=\u00a0\u00bb1_3&Prime; _builder_version=\u00a0\u00bb4.27.5&Prime; _module_preset=\u00a0\u00bbdefault\u00a0\u00bb global_colors_info=\u00a0\u00bb{}\u00a0\u00bb][et_pb_image src=\u00a0\u00bbhttps:\/\/cmve.ca\/wp-content\/uploads\/2026\/03\/arriere1-200&#215;300.png\u00a0\u00bb alt=\u00a0\u00bbLes Chemins du Retour \u00e0 la Maison\u00a0\u00bb title_text=\u00a0\u00bbLes Chemins du Retour \u00e0 la Maison\u00a0\u00bb _builder_version=\u00a0\u00bb4.27.5&Prime; _module_preset=\u00a0\u00bbdefault\u00a0\u00bb global_colors_info=\u00a0\u00bb{}\u00a0\u00bb][\/et_pb_image][\/et_pb_column][\/et_pb_row][et_pb_row _builder_version=\u00a0\u00bb4.27.5&Prime; _module_preset=\u00a0\u00bbdefault\u00a0\u00bb custom_padding=\u00a0\u00bb||0px|||\u00a0\u00bb global_colors_info=\u00a0\u00bb{}\u00a0\u00bb][et_pb_column type=\u00a0\u00bb4_4&Prime; _builder_version=\u00a0\u00bb4.27.5&Prime; _module_preset=\u00a0\u00bbdefault\u00a0\u00bb global_colors_info=\u00a0\u00bb{}\u00a0\u00bb][et_pb_text _builder_version=\u00a0\u00bb4.27.5&Prime; _module_preset=\u00a0\u00bbdefault\u00a0\u00bb text_font=\u00a0\u00bbTimes New Roman||||||||\u00a0\u00bb text_font_size=\u00a0\u00bb22px\u00a0\u00bb custom_margin=\u00a0\u00bb23px|||||\u00a0\u00bb inline_fonts=\u00a0\u00bbAbel\u00a0\u00bb global_colors_info=\u00a0\u00bb{}\u00a0\u00bb]<\/p>\n<p data-start=\"1112\" data-end=\"1284\">Nous vivons tous des exp\u00e9riences.<br data-start=\"1145\" data-end=\"1148\" \/>Des \u00e9motions, des r\u00e9actions, des relations, des situations qui se r\u00e9p\u00e8tent\u2026 parfois sans que nous en comprenions vraiment l\u2019origine.<\/p>\n<p data-start=\"1291\" data-end=\"1338\">Et \u00e0 un moment donn\u00e9, une question \u00e9merge :<\/p>\n<p data-start=\"1345\" data-end=\"1393\"><strong data-start=\"1345\" data-end=\"1391\">Qu\u2019est-ce qui se passe r\u00e9ellement en moi ?<\/strong><\/p>\n<p data-start=\"1400\" data-end=\"1461\"><em data-start=\"1400\" data-end=\"1435\">Les Chemins du Retour \u00e0 la Maison<\/em> est n\u00e9 de cette question.<\/p>\n<p style=\"text-align: justify;\">Ce livre rassemble <strong data-start=\"2067\" data-end=\"2093\">41 concepts essentiels<\/strong> et <strong data-start=\"2097\" data-end=\"2122\">58 miroirs int\u00e9rieurs.<\/strong> Des rep\u00e8res con\u00e7us pour \u00e9clairer ce qui se vit \u00e0 travers l\u2019exp\u00e9rience humaine et permettre de se reconna\u00eetre dans ce qui se manifeste.<\/p>\n<p style=\"text-align: justify;\">Il met en lumi\u00e8re les m\u00e9canismes de l\u2019exp\u00e9rience, de l\u2019\u00e9volution et des comportements, afin de mieux comprendre ce qui nous traverse au quotidien.\u00a0\u00c0 travers une approche simple et accessible, il permet de reconna\u00eetre l\u2019origine de nos r\u00e9actions, de nos \u00e9motions et de nos fa\u00e7ons d\u2019agir, ouvrant ainsi la voie \u00e0 une compr\u00e9hension plus juste et apais\u00e9e de soi.<\/p>\n<p style=\"text-align: justify;\"><span style=\"font-size: 22px;\">Ce livre est n\u00e9 d\u2019un parcours humain, d\u2019une observation patiente de l\u2019exp\u00e9rience v\u00e9cue, et du besoin de remettre de la clart\u00e9 l\u00e0 o\u00f9 il y avait confusion, tension ou souffrance.<\/span><\/p>\n<p style=\"text-align: justify;\"><em>\u00ab Les Chemins du Retour \u00e0 la Maison<\/em> \u00bb propose une lecture simple, directe et profond\u00e9ment humaine de l\u2019existence. Il invite \u00e0 observer ce qui pr\u00e9c\u00e8de la pens\u00e9e, l\u2019\u00e9motion, le comportement et la relation, afin de comprendre ce que nous vivons plut\u00f4t que de lutter contre ce qui se manifeste.<\/p>\n<h2><strong>Pourquoi ce livre existe<\/strong><\/h2>\n<p><strong><\/strong><\/p>\n<p data-start=\"610\" data-end=\"930\" style=\"text-align: justify;\">Au fil de l\u2019existence, certaines exp\u00e9riences se r\u00e9p\u00e8tent. Des situations reviennent, des r\u00e9actions s\u2019installent, des \u00e9motions persistent, parfois pendant des ann\u00e9es, parfois toute une vie. Bien souvent, on cherche \u00e0 comprendre <em data-start=\"840\" data-end=\"866\">ce qui ne fonctionne pas<\/em>, sans voir que quelque chose cherche simplement \u00e0 \u00eatre compris.<\/p>\n<p data-start=\"932\" data-end=\"1039\" style=\"text-align: justify;\">Ce livre est n\u00e9 de cette observation intime. Il est le fruit d\u2019un long cheminement de vie, d\u2019ann\u00e9es d\u2019observation, d\u2019exp\u00e9riences travers\u00e9es, de silences habit\u00e9s et de compr\u00e9hensions m\u00fbries. Les concepts qui y sont pr\u00e9sent\u00e9s ne sont pas apparus d\u2019un coup. ils se sont r\u00e9v\u00e9l\u00e9s peu \u00e0 peu, \u00e0 mesure que certaines questions revenaient, encore et encore, jusqu\u2019\u00e0 ce qu\u2019un autre regard devienne possible.<\/p>\n<p data-start=\"1396\" data-end=\"1717\" style=\"text-align: justify;\">Plut\u00f4t que de chercher \u00e0 corriger l\u2019\u00eatre humain, ce livre propose de <strong data-start=\"1465\" data-end=\"1492\">le rencontrer autrement<\/strong>. Il offre des rep\u00e8res pour reconna\u00eetre l\u2019origine de nos comportements, comprendre ce qui se rejoue int\u00e9rieurement, accueillir ce qui demande \u00e0 \u00eatre vu, et laisser se transformer naturellement notre mani\u00e8re d\u2019\u00eatre.<\/p>\n<p data-start=\"1719\" data-end=\"1910\">C&rsquo;est un d\u00e9placement int\u00e9rieur, passer de la lutte contre ce qui est, \u00e0 l\u2019\u00e9coute de ce qui cherche \u00e0 se r\u00e9v\u00e9ler.<\/p>\n<p data-start=\"1912\" data-end=\"2173\" style=\"text-align: justify;\">Ce livre existe pour ouvrir un espace. Un espace o\u00f9 chacun peut se reconna\u00eetre sans se juger. Un espace o\u00f9 la compr\u00e9hension apaise, o\u00f9 la clart\u00e9 remplace la confusion, et o\u00f9 la paix int\u00e9rieure devient une cons\u00e9quence naturelle de ce qui est vu et accueilli.<\/p>\n<p data-start=\"2175\" data-end=\"2378\" style=\"text-align: justify;\">S\u2019il est partag\u00e9 aujourd\u2019hui, c\u2019est avec une intention simple et profonde, contribuer, humblement, \u00e0 ce que chaque \u00eatre humain puisse se comprendre davantage\u2026 et, par le fait m\u00eame, vivre plus en paix.<\/p>\n<h2><strong>\u00c0 qui s\u2019adresse ce livre ?<\/strong><\/h2>\n<p><strong><\/strong><\/p>\n<p>Ce livre s\u2019adresse \u00e0 celles et ceux qui ressentent :<\/p>\n<ul>\n<li>le besoin de comprendre leur exp\u00e9rience plut\u00f4t que de la subir;<\/li>\n<li>l\u2019impression de tourner en rond dans certains sch\u00e9mas;<\/li>\n<li>l\u2019appel \u00e0 une lecture plus int\u00e9rieure de la vie.<\/li>\n<\/ul>\n<h2><strong>Il ne s\u2019adresse pas \u00e0 ceux qui cherchent :<\/strong><\/h2>\n<p><strong><\/strong><\/p>\n<ul>\n<li>\n<h2>une m\u00e9thode rapide;<\/h2>\n<\/li>\n<li>des recettes de d\u00e9veloppement personnel;<\/li>\n<li>un syst\u00e8me de croyances \u00e0 adopter.<\/li>\n<\/ul>\n<h2><strong>Ce que vous trouverez dans ce livre<\/strong><\/h2>\n<p><strong><\/strong><\/p>\n<ul>\n<li>41 concepts essentiels pour comprendre nos comportements;<\/li>\n<li>Les Miroirs Int\u00e9rieurs : 58 rep\u00e8res pour se reconna\u00eetre \u00e0 travers ce qui se vit;<\/li>\n<li>Une lecture claire de l\u2019exp\u00e9rience humaine;<\/li>\n<li>Des concepts m\u00e9taphysiques appliqu\u00e9s \u00e0 la vie r\u00e9elle;<\/li>\n<li>Des rep\u00e8res pour comprendre l\u2019origine de certains comportements;<\/li>\n<li>Un cheminement int\u00e9rieur accessible, sans dogme;<\/li>\n<li>Une invitation au retour \u00e0 soi, \u00e0 son rythme.<\/li>\n<\/ul>\n<h2><strong>Comment lire ce livre<\/strong><\/h2>\n<p><strong><\/strong><\/p>\n<p style=\"text-align: justify;\">Il peut \u00eatre parcouru lentement, repris, laiss\u00e9 de c\u00f4t\u00e9, puis retrouv\u00e9.\u00a0Chaque partie est con\u00e7ue comme un espace d\u2019observation, o\u00f9 le lecteur peut se reconna\u00eetre \u00e0 travers ce qui est nomm\u00e9, sans obligation de compr\u00e9hension imm\u00e9diate.<\/p>\n<p>&nbsp;<\/p>\n<p>[\/et_pb_text][\/et_pb_column][\/et_pb_row][et_pb_row column_structure=\u00a0\u00bb1_3,1_3,1_3&Prime; _builder_version=\u00a0\u00bb4.27.5&Prime; _module_preset=\u00a0\u00bbdefault\u00a0\u00bb custom_margin=\u00a0\u00bb8px|auto||auto||\u00a0\u00bb custom_padding=\u00a0\u00bb||0px|||\u00a0\u00bb global_colors_info=\u00a0\u00bb{}\u00a0\u00bb][et_pb_column type=\u00a0\u00bb1_3&Prime; _builder_version=\u00a0\u00bb4.27.5&Prime; _module_preset=\u00a0\u00bbdefault\u00a0\u00bb global_colors_info=\u00a0\u00bb{}\u00a0\u00bb][et_pb_image src=\u00a0\u00bbhttps:\/\/cmve.ca\/wp-content\/uploads\/2026\/02\/COUVERTURE-ECRITURE-v10-200&#215;300.png\u00a0\u00bb alt=\u00a0\u00bbLes Chemins du Retour \u00e0 la Maison\u00a0\u00bb title_text=\u00a0\u00bbLes Chemins du Retour \u00e0 la Maison\u00a0\u00bb align=\u00a0\u00bbright\u00a0\u00bb _builder_version=\u00a0\u00bb4.27.5&Prime; _module_preset=\u00a0\u00bbdefault\u00a0\u00bb box_shadow_style=\u00a0\u00bbpreset1&Prime; box_shadow_horizontal=\u00a0\u00bb6px\u00a0\u00bb global_colors_info=\u00a0\u00bb{}\u00a0\u00bb][\/et_pb_image][\/et_pb_column][et_pb_column type=\u00a0\u00bb1_3&Prime; _builder_version=\u00a0\u00bb4.27.5&Prime; _module_preset=\u00a0\u00bbdefault\u00a0\u00bb global_colors_info=\u00a0\u00bb{}\u00a0\u00bb][et_pb_text _builder_version=\u00a0\u00bb4.27.6&Prime; _module_preset=\u00a0\u00bbdefault\u00a0\u00bb text_font=\u00a0\u00bb||on||||||\u00a0\u00bb text_font_size=\u00a0\u00bb18px\u00a0\u00bb header_2_font=\u00a0\u00bb|600|||||||\u00a0\u00bb header_2_font_size=\u00a0\u00bb28px\u00a0\u00bb text_orientation=\u00a0\u00bbcenter\u00a0\u00bb custom_margin=\u00a0\u00bb|-35px|7px|-46px||\u00a0\u00bb hover_enabled=\u00a0\u00bb0&Prime; global_colors_info=\u00a0\u00bb{}\u00a0\u00bb text_text_color=\u00a0\u00bbRGBA(255,255,255,0)\u00a0\u00bb sticky_enabled=\u00a0\u00bb0&Prime;]<\/p>\n<h2>Les Chemins<br \/>du Retour \u00e0 la Maison<\/h2>\n<p>[\/et_pb_text][et_pb_text _builder_version=\u00a0\u00bb4.27.5&Prime; _module_preset=\u00a0\u00bbdefault\u00a0\u00bb text_font=\u00a0\u00bb||on||||||\u00a0\u00bb text_font_size=\u00a0\u00bb18px\u00a0\u00bb header_2_font=\u00a0\u00bb||||||||\u00a0\u00bb header_2_text_align=\u00a0\u00bbcenter\u00a0\u00bb header_2_font_size=\u00a0\u00bb18px\u00a0\u00bb text_orientation=\u00a0\u00bbcenter\u00a0\u00bb custom_margin=\u00a0\u00bb|-30px|-1px|-64px|false|false\u00a0\u00bb custom_padding=\u00a0\u00bb||0px|||\u00a0\u00bb global_colors_info=\u00a0\u00bb{}\u00a0\u00bb]<\/p>\n<h2>Un livre pour comprendre<br \/>ce que nous vivons<\/h2>\n<p>&nbsp;<\/p>\n<p>[\/et_pb_text][et_pb_button button_text=\u00a0\u00bbBient\u00f4t disponible\u00a0\u00bb button_alignment=\u00a0\u00bbcenter\u00a0\u00bb _builder_version=\u00a0\u00bb4.27.5&Prime; _module_preset=\u00a0\u00bbdefault\u00a0\u00bb custom_button=\u00a0\u00bbon\u00a0\u00bb button_text_color=\u00a0\u00bb#FFFFFF\u00a0\u00bb button_bg_color=\u00a0\u00bb#8300E9&Prime; button_border_radius=\u00a0\u00bb14px\u00a0\u00bb custom_margin=\u00a0\u00bb-15px|-25px|7px|-41px|false|false\u00a0\u00bb global_colors_info=\u00a0\u00bb{}\u00a0\u00bb][\/et_pb_button][et_pb_text _builder_version=\u00a0\u00bb4.27.5&Prime; _module_preset=\u00a0\u00bbdefault\u00a0\u00bb text_font_size=\u00a0\u00bb15px\u00a0\u00bb text_orientation=\u00a0\u00bbcenter\u00a0\u00bb custom_margin=\u00a0\u00bb|-27px||-46px|false|false\u00a0\u00bb global_colors_info=\u00a0\u00bb{}\u00a0\u00bb]<\/p>\n<p>En version papier ou num\u00e9rique (PDF)<\/p>\n<p>[\/et_pb_text][et_pb_button button_url=\u00a0\u00bbhttps:\/\/cmve.ca\/info-sortie-du-livre\/\u00a0\u00bb button_text=\u00a0\u00bb\u00catre inform\u00e9 \u00e0 la sortie du livre\u00a0\u00bb button_alignment=\u00a0\u00bbcenter\u00a0\u00bb _builder_version=\u00a0\u00bb4.27.6&Prime; _module_preset=\u00a0\u00bbdefault\u00a0\u00bb custom_button=\u00a0\u00bbon\u00a0\u00bb button_text_size=\u00a0\u00bb18px\u00a0\u00bb button_text_color=\u00a0\u00bb#000000&Prime; button_bg_color=\u00a0\u00bb#e2e2e2&Prime; button_border_color=\u00a0\u00bb#b7b7b7&Prime; button_border_radius=\u00a0\u00bb10px\u00a0\u00bb button_font=\u00a0\u00bbTimes New Roman||||||||\u00a0\u00bb custom_margin=\u00a0\u00bb|||-6px|false|false\u00a0\u00bb custom_padding=\u00a0\u00bb||||false|false\u00a0\u00bb hover_enabled=\u00a0\u00bb0&Prime; global_colors_info=\u00a0\u00bb{}\u00a0\u00bb sticky_enabled=\u00a0\u00bb0&Prime;][\/et_pb_button][\/et_pb_column][et_pb_column type=\u00a0\u00bb1_3&Prime; _builder_version=\u00a0\u00bb4.27.5&Prime; _module_preset=\u00a0\u00bbdefault\u00a0\u00bb global_colors_info=\u00a0\u00bb{}\u00a0\u00bb][et_pb_image src=\u00a0\u00bbhttps:\/\/cmve.ca\/wp-content\/uploads\/2026\/03\/arriere1-200&#215;300.png\u00a0\u00bb alt=\u00a0\u00bbLes Chemins du Retour \u00e0 la Maison\u00a0\u00bb title_text=\u00a0\u00bbLes Chemins du Retour \u00e0 la Maison\u00a0\u00bb _builder_version=\u00a0\u00bb4.27.5&Prime; _module_preset=\u00a0\u00bbdefault\u00a0\u00bb global_colors_info=\u00a0\u00bb{}\u00a0\u00bb][\/et_pb_image][\/et_pb_column][\/et_pb_row][\/et_pb_section]<\/p>\n","protected":false},"excerpt":{"rendered":"<p>Les Cheminsdu Retour \u00e0 la MaisonUn livre pour comprendrece que nous vivons &nbsp;En version papier ou num\u00e9rique (PDF)Nous vivons tous des exp\u00e9riences.Des \u00e9motions, des r\u00e9actions, des relations, des situations qui se r\u00e9p\u00e8tent\u2026 parfois sans que nous en comprenions vraiment l\u2019origine. Et \u00e0 un moment donn\u00e9, une question \u00e9merge : Qu\u2019est-ce qui se passe r\u00e9ellement en [&hellip;]<\/p>\n","protected":false},"author":1,"featured_media":0,"parent":0,"menu_order":0,"comment_status":"closed","ping_status":"closed","template":"","meta":{"_et_pb_use_builder":"on","_et_pb_old_content":"<!-- wp:divi\/placeholder \/-->","_et_gb_content_width":"","pagelayer_contact_templates":[],"_pagelayer_content":"","footnotes":""},"class_list":["post-290","page","type-page","status-publish","hentry"],"_links":{"self":[{"href":"https:\/\/cmve.ca\/en\/wp-json\/wp\/v2\/pages\/290","targetHints":{"allow":["GET"]}}],"collection":[{"href":"https:\/\/cmve.ca\/en\/wp-json\/wp\/v2\/pages"}],"about":[{"href":"https:\/\/cmve.ca\/en\/wp-json\/wp\/v2\/types\/page"}],"author":[{"embeddable":true,"href":"https:\/\/cmve.ca\/en\/wp-json\/wp\/v2\/users\/1"}],"replies":[{"embeddable":true,"href":"https:\/\/cmve.ca\/en\/wp-json\/wp\/v2\/comments?post=290"}],"version-history":[{"count":70,"href":"https:\/\/cmve.ca\/en\/wp-json\/wp\/v2\/pages\/290\/revisions"}],"predecessor-version":[{"id":2122,"href":"https:\/\/cmve.ca\/en\/wp-json\/wp\/v2\/pages\/290\/revisions\/2122"}],"wp:attachment":[{"href":"https:\/\/cmve.ca\/en\/wp-json\/wp\/v2\/media?parent=290"}],"curies":[{"name":"wp","href":"https:\/\/api.w.org\/{rel}","templated":true}]}}