{"id":286,"date":"2026-01-31T17:34:34","date_gmt":"2026-01-31T17:34:34","guid":{"rendered":"https:\/\/cmve.ca\/?page_id=286"},"modified":"2026-04-12T18:17:51","modified_gmt":"2026-04-12T18:17:51","slug":"metaphysique-vivante-de-letre","status":"publish","type":"page","link":"https:\/\/cmve.ca\/en\/metaphysique-vivante-de-letre\/","title":{"rendered":"M\u00e9taphysique vivante de l&rsquo;\u00catre"},"content":{"rendered":"<p>[et_pb_section fb_built=\u00a0\u00bb1&Prime; _builder_version=\u00a0\u00bb4.27.5&Prime; _module_preset=\u00a0\u00bbdefault\u00a0\u00bb custom_padding=\u00a0\u00bb||15px|||\u00a0\u00bb global_colors_info=\u00a0\u00bb{}\u00a0\u00bb][et_pb_row _builder_version=\u00a0\u00bb4.27.5&Prime; _module_preset=\u00a0\u00bbdefault\u00a0\u00bb custom_margin=\u00a0\u00bb-9px|auto||auto||\u00a0\u00bb custom_padding=\u00a0\u00bb0px|||||\u00a0\u00bb global_colors_info=\u00a0\u00bb{}\u00a0\u00bb][et_pb_column type=\u00a0\u00bb4_4&Prime; _builder_version=\u00a0\u00bb4.27.5&Prime; _module_preset=\u00a0\u00bbdefault\u00a0\u00bb global_colors_info=\u00a0\u00bb{}\u00a0\u00bb][et_pb_text module_id=\u00a0\u00bbfondations\u00a0\u00bb _builder_version=\u00a0\u00bb4.27.5&Prime; _module_preset=\u00a0\u00bbdefault\u00a0\u00bb text_font=\u00a0\u00bbTimes New Roman||||||||\u00a0\u00bb text_font_size=\u00a0\u00bb22px\u00a0\u00bb header_3_font=\u00a0\u00bbTimes New Roman||||||||\u00a0\u00bb text_orientation=\u00a0\u00bbjustified\u00a0\u00bb global_colors_info=\u00a0\u00bb{}\u00a0\u00bb]<\/p>\n<h1 style=\"text-align: center;\"><strong>Qu&rsquo;est -ce que la m\u00e9taphysique<\/strong><\/h1>\n<h3><span style=\"font-size: 18px; font-weight: 600; color: #666666;\"><\/span><\/h3>\n<h3>Le mot \u00ab m\u00e9taphysique \u00bb peut sembler complexe, mais il d\u00e9signe simplement ce qui se trouve derri\u00e8re ce que nous vivons.<\/h3>\n<h3>C\u2019est une discipline de compr\u00e9hension qui explore ce qui fonde l\u2019exp\u00e9rience humaine, au-del\u00e0 des apparences et des constructions mentales.<\/h3>\n<h3>Elle cherche \u00e0 observer l\u2019origine de nos pens\u00e9es, de nos \u00e9motions et de notre sentiment d\u2019exister, afin d\u2019\u00e9clairer les m\u00e9canismes par lesquels l\u2019exp\u00e9rience se forme.<br \/>\u00a0<\/h3>\n<h2><span style=\"font-family: inherit; font-weight: normal;\"><strong>Une m\u00e9taphysique incarn\u00e9e, v\u00e9cue et v\u00e9rifiable<\/strong><\/span><\/h2>\n<p>La m\u00e9taphysique fait partie de la vie quotidienne. Elle est dite vivante parce qu\u2019elle se v\u00e9rifie dans l\u2019exp\u00e9rience directe, dans les relations, les r\u00e9actions, les choix, les attachements, les \u00e9motions, les souffrances et les \u00e9lans de joie.<\/p>\n<h2><strong>Chaque \u00eatre humain devient ainsi un lieu d\u2019observation privil\u00e9gi\u00e9<\/strong><\/h2>\n<p><span style=\"font-family: inherit; font-weight: normal;\"><strong><\/strong><\/span><\/p>\n<p>L\u2019exploration commence par la mani\u00e8re dont la r\u00e9alit\u00e9 est per\u00e7ue, interpr\u00e9t\u00e9e et v\u00e9cue \u00e0 l\u2019int\u00e9rieur.<\/p>\n<p>La m\u00e9taphysique vivante de l\u2019\u00catre propose donc un renversement, au lieu de chercher des r\u00e9ponses \u00e0 l\u2019ext\u00e9rieur, elle invite \u00e0 regarder les causes int\u00e9rieures qui fa\u00e7onnent l\u2019exp\u00e9rience.<\/p>\n<h2><strong>Les fondements de la m\u00e9taphysique de l\u2019\u00catre<\/strong><\/h2>\n<p><strong><\/strong><\/p>\n<p>Cette approche repose sur quelques principes fondamentaux :<\/p>\n<ul>\n<li>Le N\u00e9ant, comme origine non manifest\u00e9e, sans forme, sans polarit\u00e9, sans intention.<\/li>\n<li>L\u2019\u00c9nergie, premi\u00e8re \u00e9manation du N\u00e9ant, neutre, cr\u00e9atrice, principe de manifestaion.<\/li>\n<li>La Conscience est la somme active, totale et absolue de l\u2019information depuis l\u2019Origine.<\/li>\n<li>La Forme, comme manifestation visible et v\u00e9cue, corps, pens\u00e9e, \u00e9motion, identit\u00e9, situation.<\/li>\n<\/ul>\n<p>La compr\u00e9hension s\u2019initie dans la mani\u00e8re dont la r\u00e9alit\u00e9 est per\u00e7ue, interpr\u00e9t\u00e9e et v\u00e9cue \u00e0 l\u2019int\u00e9rieur.<\/p>\n<h2><strong>Comprendre l\u2019exp\u00e9rience humaine autrement<\/strong><\/h2>\n<p><strong><\/strong><\/p>\n<p>Dans cette perspective, les \u00e9motions, les blessures, les attachements et les r\u00e9actions ne sont que des indicateurs pr\u00e9cis du fonctionnement int\u00e9rieur de l\u2019\u00eatre humain.<\/p>\n<p>La m\u00e9taphysique vivante de l\u2019\u00catre ne cherche pas \u00e0 supprimer l\u2019exp\u00e9rience humaine, mais \u00e0 la comprendre dans sa m\u00e9canique profonde :<\/p>\n<ul>\n<li>Comment une information non comprise devient un blocage.<\/li>\n<li>Comment une pr\u00e9f\u00e9rence devient un attachement.<\/li>\n<li>Comment une attente cr\u00e9e satisfaction ou souffrance.<\/li>\n<\/ul>\n<p>Cette compr\u00e9hension ouvre naturellement la voie \u00e0 une transformation int\u00e9rieure, non par effort ou volont\u00e9, mais par clarification et reconnaissance.<\/p>\n<p>Cette compr\u00e9hension ne reste pas th\u00e9orique : elle s\u2019inscrit dans une d\u00e9marche simple et vivante, qui permet d\u2019observer, reconna\u00eetre, accueillir et lib\u00e9rer ce qui se vit int\u00e9rieurement.<\/p>\n<h2><strong>Une voie de retour \u00e0 soi<\/strong><\/h2>\n<p><strong><\/strong><\/p>\n<p>La m\u00e9taphysique de l\u2019\u00catre est une voie de retour, un retour \u00e0 ce qui est d\u00e9j\u00e0 l\u00e0, avant les conditionnements, les r\u00f4les et les identit\u00e9s construites.<\/p>\n<p>\u00c0 mesure que les m\u00e9canismes int\u00e9rieurs sont vus et reconnus, l\u2019exp\u00e9rience se simplifie.<\/p>\n<p>Ce qui \u00e9tait conflictuel devient lisible.<br \/>Ce qui semblait ext\u00e9rieur est reconnu comme int\u00e9rieur.<br \/>Et ce que l\u2019on cherchait \u00e0 comprendre finit par se vivre naturellement.<\/p>\n<h2><strong>Une m\u00e9taphysique au service de l\u2019humain<\/strong><\/h2>\n<p><strong><\/strong><\/p>\n<p>La m\u00e9taphysique vivante de l\u2019\u00catre propose un cadre de compr\u00e9hension permettant \u00e0 chacun d\u2019explorer sa propre exp\u00e9rience avec justesse, discernement et humanit\u00e9.<\/p>\n<p>Elle s\u2019adresse \u00e0 celles et ceux qui ressentent l\u2019appel de comprendre autrement et habiter plus pleinement leur existence, dans un rapport plus lucide, plus libre et plus apais\u00e9 \u00e0 eux-m\u00eames et au monde.<\/p>\n<p>Le Centre propose une approche de m\u00e9taphysique appliqu\u00e9e orient\u00e9e vers la compr\u00e9hension des m\u00e9canismes de l\u2019exp\u00e9rience humaine, la transformation int\u00e9rieure et le retour \u00e0 la Maison.<\/p>\n<p>[\/et_pb_text][\/et_pb_column][\/et_pb_row][\/et_pb_section]<\/p>\n","protected":false},"excerpt":{"rendered":"<p>Qu&rsquo;est -ce que la m\u00e9taphysique Le mot \u00ab m\u00e9taphysique \u00bb peut sembler complexe, mais il d\u00e9signe simplement ce qui se trouve derri\u00e8re ce que nous vivons. C\u2019est une discipline de compr\u00e9hension qui explore ce qui fonde l\u2019exp\u00e9rience humaine, au-del\u00e0 des apparences et des constructions mentales. Elle cherche \u00e0 observer l\u2019origine de nos pens\u00e9es, de nos [&hellip;]<\/p>\n","protected":false},"author":1,"featured_media":0,"parent":0,"menu_order":0,"comment_status":"closed","ping_status":"closed","template":"","meta":{"_et_pb_use_builder":"on","_et_pb_old_content":"<!-- wp:divi\/placeholder \/-->","_et_gb_content_width":"","pagelayer_contact_templates":[],"_pagelayer_content":"","footnotes":""},"class_list":["post-286","page","type-page","status-publish","hentry"],"_links":{"self":[{"href":"https:\/\/cmve.ca\/en\/wp-json\/wp\/v2\/pages\/286","targetHints":{"allow":["GET"]}}],"collection":[{"href":"https:\/\/cmve.ca\/en\/wp-json\/wp\/v2\/pages"}],"about":[{"href":"https:\/\/cmve.ca\/en\/wp-json\/wp\/v2\/types\/page"}],"author":[{"embeddable":true,"href":"https:\/\/cmve.ca\/en\/wp-json\/wp\/v2\/users\/1"}],"replies":[{"embeddable":true,"href":"https:\/\/cmve.ca\/en\/wp-json\/wp\/v2\/comments?post=286"}],"version-history":[{"count":30,"href":"https:\/\/cmve.ca\/en\/wp-json\/wp\/v2\/pages\/286\/revisions"}],"predecessor-version":[{"id":2116,"href":"https:\/\/cmve.ca\/en\/wp-json\/wp\/v2\/pages\/286\/revisions\/2116"}],"wp:attachment":[{"href":"https:\/\/cmve.ca\/en\/wp-json\/wp\/v2\/media?parent=286"}],"curies":[{"name":"wp","href":"https:\/\/api.w.org\/{rel}","templated":true}]}}