{"id":284,"date":"2026-01-31T17:32:48","date_gmt":"2026-01-31T17:32:48","guid":{"rendered":"https:\/\/cmve.ca\/?page_id=284"},"modified":"2026-03-22T14:56:51","modified_gmt":"2026-03-22T14:56:51","slug":"le-centre","status":"publish","type":"page","link":"https:\/\/cmve.ca\/en\/le-centre\/","title":{"rendered":"Le centre"},"content":{"rendered":"<p>[et_pb_section fb_built=\u00a0\u00bb1&Prime; _builder_version=\u00a0\u00bb4.27.5&Prime; _module_preset=\u00a0\u00bbdefault\u00a0\u00bb custom_padding=\u00a0\u00bb||19px|||\u00a0\u00bb global_colors_info=\u00a0\u00bb{}\u00a0\u00bb][et_pb_row _builder_version=\u00a0\u00bb4.27.5&Prime; _module_preset=\u00a0\u00bbdefault\u00a0\u00bb custom_margin=\u00a0\u00bb-40px||||false|false\u00a0\u00bb global_colors_info=\u00a0\u00bb{}\u00a0\u00bb][et_pb_column type=\u00a0\u00bb4_4&Prime; _builder_version=\u00a0\u00bb4.27.5&Prime; _module_preset=\u00a0\u00bbdefault\u00a0\u00bb global_colors_info=\u00a0\u00bb{}\u00a0\u00bb][et_pb_text _builder_version=\u00a0\u00bb4.27.5&Prime; _module_preset=\u00a0\u00bbdefault\u00a0\u00bb text_font=\u00a0\u00bbTimes New Roman|600|||||||\u00a0\u00bb text_font_size=\u00a0\u00bb22px\u00a0\u00bb header_font=\u00a0\u00bb|600|||||||\u00a0\u00bb text_orientation=\u00a0\u00bbcenter\u00a0\u00bb global_colors_info=\u00a0\u00bb{}\u00a0\u00bb]<\/p>\n<h1>Le Centre &#8211; Le lieu et l&rsquo;esprit<\/h1>\n<p>[\/et_pb_text][\/et_pb_column][\/et_pb_row][et_pb_row _builder_version=\u00a0\u00bb4.27.5&Prime; _module_preset=\u00a0\u00bbdefault\u00a0\u00bb custom_margin=\u00a0\u00bb-33px|auto||auto||\u00a0\u00bb global_colors_info=\u00a0\u00bb{}\u00a0\u00bb][et_pb_column type=\u00a0\u00bb4_4&Prime; _builder_version=\u00a0\u00bb4.27.5&Prime; _module_preset=\u00a0\u00bbdefault\u00a0\u00bb global_colors_info=\u00a0\u00bb{}\u00a0\u00bb][et_pb_text _builder_version=\u00a0\u00bb4.27.5&Prime; _module_preset=\u00a0\u00bbdefault\u00a0\u00bb text_font=\u00a0\u00bbTimes New Roman||||||||\u00a0\u00bb text_font_size=\u00a0\u00bb22px\u00a0\u00bb text_orientation=\u00a0\u00bbjustified\u00a0\u00bb global_colors_info=\u00a0\u00bb{}\u00a0\u00bb]<\/p>\n<p data-start=\"310\" data-end=\"383\">Le Centre M\u00e9taphysique Vivante de l\u2019\u00catre (CMVE) est un espace d\u2019exploration et de compr\u00e9hention de l\u2019exp\u00e9rience humaine proposant des rencontres en petits groupes, en pr\u00e9sence \u00e0 Rimouski. Rencontres virtuelles et Masterclass selon les activit\u00e9s.<\/p>\n<p data-start=\"310\" data-end=\"383\">Le Centre M\u00e9taphysique Vivante de l\u2019\u00catre est situ\u00e9 \u00e0 Rimouski, au Qu\u00e9bec.<\/p>\n<p data-start=\"385\" data-end=\"583\">Les rencontres se d\u00e9roulent dans un local priv\u00e9 am\u00e9nag\u00e9 pour accueillir un groupe d\u2019environ dix \u00e0 quinze participants. Cette capacit\u00e9 d\u2019accueil est volontaire et coh\u00e9rente avec l\u2019approche du Centre.<\/p>\n<p data-start=\"585\" data-end=\"857\">Le format en petit groupe favorise la qualit\u00e9 de transmission de l&rsquo;information, l\u2019\u00e9coute attentive et la participation consciente de chacun. Il permet d\u2019approfondir les concepts pr\u00e9sent\u00e9s, favoriser l&rsquo;introspection et explorer les m\u00e9canismes de l\u2019exp\u00e9rience dans un cadre structur\u00e9 et respectueux.<\/p>\n<p data-start=\"859\" data-end=\"1214\">Chaque rencontre est consacr\u00e9e \u00e0 la trasmission d&rsquo;information sur un concept pr\u00e9cis issu de l\u2019architecture du Livre \u00ab <em>Les Chemins du Retour \u00e0 la Maison<\/em> \u00bb.<\/p>\n<p data-start=\"859\" data-end=\"1214\">\u00c0 travers une pr\u00e9sentation claire, une histoire illustrant le principe abord\u00e9 et un temps d\u2019introspection individuel. Les participants d\u00e9veloppent une compr\u00e9hension plus fine des m\u00e9canismes int\u00e9rieurs qui influencent nos r\u00e9actions, nos \u00e9motions et nos perceptions.<\/p>\n<p data-start=\"1216\" data-end=\"1335\">Le Centre privil\u00e9gie la pr\u00e9sence r\u00e9elle et la proximit\u00e9 humaine afin de soutenir une compr\u00e9hension int\u00e9gr\u00e9e et durable.<\/p>\n<h2 data-section-id=\"10pgy67\" data-start=\"1342\" data-end=\"1366\">Format des rencontres<\/h2>\n<ul data-start=\"1368\" data-end=\"1568\">\n<li data-section-id=\"whxv5n\" data-start=\"1368\" data-end=\"1399\">\n<p data-start=\"1370\" data-end=\"1399\">Groupe de 10 \u00e0 15 personnes<\/p>\n<\/li>\n<li data-section-id=\"5jtjxo\" data-start=\"1400\" data-end=\"1438\">\n<p data-start=\"1402\" data-end=\"1438\">Rencontres en pr\u00e9sence, \u00e0 Rimouski ;<\/p>\n<\/li>\n<li data-section-id=\"16cza0v\" data-start=\"1439\" data-end=\"1478\">\n<p data-start=\"1441\" data-end=\"1478\">Exploration d\u2019un concept par s\u00e9ance ;<\/p>\n<\/li>\n<li data-section-id=\"1lurhxg\" data-start=\"1479\" data-end=\"1534\">\n<p data-start=\"1481\" data-end=\"1534\">Transmission de l&rsquo;information structur\u00e9e sur les m\u00e9canismes de l&rsquo;exp\u00e9rience humainne ;<\/p>\n<\/li>\n<li data-section-id=\"j2fpbc\" data-start=\"1535\" data-end=\"1568\">\n<p data-start=\"1537\" data-end=\"1568\">Inscription pr\u00e9alable requise.<\/p>\n<\/li>\n<\/ul>\n<h2 data-section-id=\"18mg33x\" data-start=\"1575\" data-end=\"1594\">L\u2019esprit du lieu<\/h2>\n<p data-start=\"1596\" data-end=\"1798\">Le choix d\u2019un petit groupe repose sur une exp\u00e9rience concr\u00e8te. Apr\u00e8s plusieurs ann\u00e9es de partage \u00e0 travers des conf\u00e9rences et ateliers et un grand nombre de participants, il est apparu que la compr\u00e9hension s\u2019approfondit davantage dans la proximit\u00e9.<\/p>\n<p data-start=\"1800\" data-end=\"1828\">Un groupe restreint permet :<\/p>\n<ul data-start=\"1830\" data-end=\"1965\">\n<li data-section-id=\"1gjrvo9\" data-start=\"1830\" data-end=\"1855\">\n<p data-start=\"1832\" data-end=\"1855\">Une parole plus libre ;<\/p>\n<\/li>\n<li data-section-id=\"145zqx5\" data-start=\"1856\" data-end=\"1885\">\n<p data-start=\"1858\" data-end=\"1885\">Une \u00e9coute plus attentive ;<\/p>\n<\/li>\n<li data-section-id=\"kmec15\" data-start=\"1886\" data-end=\"1922\">\n<p data-start=\"1888\" data-end=\"1922\">Une interaction plus authentique ;<\/p>\n<\/li>\n<li data-section-id=\"11cs0yr\" data-start=\"1923\" data-end=\"1965\">\n<p data-start=\"1925\" data-end=\"1965\">Une meilleure int\u00e9gration de l&rsquo;information.<\/p>\n<\/li>\n<\/ul>\n<p data-start=\"1967\" data-end=\"2107\">Dans un monde o\u00f9 les \u00e9changes sont souvent virtuels, le Centre propose un espace r\u00e9el de rencontre, de dialogue et d\u2019exploration consciente.\u00a0La dimension humaine du lieu soutient un travail int\u00e9rieur plus stable, plus clair et plus mature.<\/p>\n<p>[\/et_pb_text][\/et_pb_column][\/et_pb_row][et_pb_row _builder_version=\u00a0\u00bb4.27.5&Prime; _module_preset=\u00a0\u00bbdefault\u00a0\u00bb custom_padding=\u00a0\u00bb1px|||||\u00a0\u00bb global_colors_info=\u00a0\u00bb{}\u00a0\u00bb][et_pb_column type=\u00a0\u00bb4_4&Prime; _builder_version=\u00a0\u00bb4.27.5&Prime; _module_preset=\u00a0\u00bbdefault\u00a0\u00bb global_colors_info=\u00a0\u00bb{}\u00a0\u00bb][et_pb_text _builder_version=\u00a0\u00bb4.27.5&Prime; _module_preset=\u00a0\u00bbdefault\u00a0\u00bb text_font=\u00a0\u00bbTimes New Roman||||||||\u00a0\u00bb text_text_color=\u00a0\u00bbrgba(0,0,0,0.69)\u00a0\u00bb text_font_size=\u00a0\u00bb22px\u00a0\u00bb header_3_font=\u00a0\u00bbTimes New Roman||||||||\u00a0\u00bb header_3_text_align=\u00a0\u00bbjustify\u00a0\u00bb header_3_text_color=\u00a0\u00bb#000000&Prime; text_orientation=\u00a0\u00bbjustified\u00a0\u00bb custom_padding=\u00a0\u00bb||0px|||\u00a0\u00bb global_colors_info=\u00a0\u00bb{}\u00a0\u00bb]<\/p>\n<h2 data-start=\"581\" data-end=\"632\">Pour les personnes \u00e0 distance ou \u00e0 l\u2019international\u00a0<\/h2>\n<p data-start=\"734\" data-end=\"1038\">Bien que le Centre privil\u00e9gie les rencontres en pr\u00e9sence, certaines personnes r\u00e9sident trop loin pour y participer r\u00e9guli\u00e8rement, que ce soit ailleurs au Qu\u00e9bec, au Canada ou \u00e0 l\u2019\u00e9tranger. Afin de permettre un acc\u00e8s \u00e0 la d\u00e9marche, des rencontres individuelles ou de groupes \u00e0 distance peuvent \u00e9galement \u00eatre propos\u00e9es.<\/p>\n<p data-start=\"1040\" data-end=\"1389\">Ces \u00e9changes, r\u00e9alis\u00e9s en ligne, offrent un cadre propice pour approfondir certains concepts, \u00e9clairer des situations personnelles ou explorer des questionnements sp\u00e9cifiques. Ils constituent une alternative valable pour celles et ceux qui souhaitent poursuivre leur compr\u00e9hension malgr\u00e9 l\u2019\u00e9loignement.<\/p>\n<p data-start=\"1391\" data-end=\"1599\">Pour les personnes ne parlant pas fran\u00e7ais, il est possible, lorsque les conditions le permettent, d\u2019avoir recours \u00e0 un service de traduction ou \u00e0 un interm\u00e9diaire linguistique afin de faciliter les \u00e9changes.<\/p>\n<p data-start=\"1601\" data-end=\"1719\">Selon les besoins, ces rencontres peuvent prendre la forme d\u2019un accompagnement ponctuel ou d\u2019un suivi plus approfondi.<\/p>\n<h2 data-start=\"1684\" data-end=\"1725\">Rencontres individuelles ou de groupe \u00e0 distance<\/h2>\n<p data-start=\"1727\" data-end=\"1862\">Les rencontres individuelles ou de groupe \u00e0 distance se d\u00e9roulent g\u00e9n\u00e9ralement par visioconf\u00e9rence et durent environ une heure \u00e0 une heure et demie.<\/p>\n<p data-start=\"1864\" data-end=\"2020\">Une contribution est demand\u00e9e afin de soutenir le temps consacr\u00e9 ainsi que les activit\u00e9s du Centre. Cette contribution peut \u00eatre adapt\u00e9e selon la situation.<\/p>\n<p data-start=\"803\" data-end=\"907\">Pour toute demande ou pour pr\u00e9ciser vos besoins, nous vous invitons \u00e0 utiliser le <a href=\"https:\/\/cmve.ca\/contact\/\">formulaire de contact<\/a>.<\/p>\n<p>[\/et_pb_text][\/et_pb_column][\/et_pb_row][\/et_pb_section]<\/p>\n","protected":false},"excerpt":{"rendered":"<p>Le Centre &#8211; Le lieu et l&rsquo;espritLe Centre M\u00e9taphysique Vivante de l\u2019\u00catre (CMVE) est un espace d\u2019exploration et de compr\u00e9hention de l\u2019exp\u00e9rience humaine proposant des rencontres en petits groupes, en pr\u00e9sence \u00e0 Rimouski. Rencontres virtuelles et Masterclass selon les activit\u00e9s. Le Centre M\u00e9taphysique Vivante de l\u2019\u00catre est situ\u00e9 \u00e0 Rimouski, au Qu\u00e9bec. Les rencontres se [&hellip;]<\/p>\n","protected":false},"author":1,"featured_media":0,"parent":0,"menu_order":0,"comment_status":"closed","ping_status":"closed","template":"","meta":{"_et_pb_use_builder":"on","_et_pb_old_content":"<!-- wp:divi\/placeholder \/-->","_et_gb_content_width":"","pagelayer_contact_templates":[],"_pagelayer_content":"","footnotes":""},"class_list":["post-284","page","type-page","status-publish","hentry"],"_links":{"self":[{"href":"https:\/\/cmve.ca\/en\/wp-json\/wp\/v2\/pages\/284","targetHints":{"allow":["GET"]}}],"collection":[{"href":"https:\/\/cmve.ca\/en\/wp-json\/wp\/v2\/pages"}],"about":[{"href":"https:\/\/cmve.ca\/en\/wp-json\/wp\/v2\/types\/page"}],"author":[{"embeddable":true,"href":"https:\/\/cmve.ca\/en\/wp-json\/wp\/v2\/users\/1"}],"replies":[{"embeddable":true,"href":"https:\/\/cmve.ca\/en\/wp-json\/wp\/v2\/comments?post=284"}],"version-history":[{"count":89,"href":"https:\/\/cmve.ca\/en\/wp-json\/wp\/v2\/pages\/284\/revisions"}],"predecessor-version":[{"id":1610,"href":"https:\/\/cmve.ca\/en\/wp-json\/wp\/v2\/pages\/284\/revisions\/1610"}],"wp:attachment":[{"href":"https:\/\/cmve.ca\/en\/wp-json\/wp\/v2\/media?parent=284"}],"curies":[{"name":"wp","href":"https:\/\/api.w.org\/{rel}","templated":true}]}}