{"id":2123,"date":"2026-04-13T15:13:07","date_gmt":"2026-04-13T15:13:07","guid":{"rendered":"https:\/\/cmve.ca\/?page_id=2123"},"modified":"2026-04-21T16:48:05","modified_gmt":"2026-04-21T16:48:05","slug":"transmissions-informations","status":"publish","type":"page","link":"https:\/\/cmve.ca\/en\/transmissions-informations\/","title":{"rendered":"Transmissions informations"},"content":{"rendered":"<p>[et_pb_section fb_built=\u00a0\u00bb1&Prime; custom_padding_last_edited=\u00a0\u00bbon|phone\u00a0\u00bb admin_label=\u00a0\u00bbHeader\u00a0\u00bb _builder_version=\u00a0\u00bb4.27.6&Prime; _module_preset=\u00a0\u00bbdefault\u00a0\u00bb background_enable_color=\u00a0\u00bboff\u00a0\u00bb use_background_color_gradient=\u00a0\u00bbon\u00a0\u00bb background_color_gradient_type=\u00a0\u00bbelliptical\u00a0\u00bb background_color_gradient_direction_radial=\u00a0\u00bbright\u00a0\u00bb background_color_gradient_stops=\u00a0\u00bbrgba(121,58,255,0.65) 0%|rgba(255,255,255,0) 72%\u00a0\u00bb background_image=\u00a0\u00bbhttps:\/\/cmve.ca\/wp-content\/uploads\/2026\/04\/fond-sans-lueur10.png\u00a0\u00bb background_position=\u00a0\u00bbtop_left\u00a0\u00bb background_repeat=\u00a0\u00bbrepeat\u00a0\u00bb background_blend=\u00a0\u00bbmultiply\u00a0\u00bb overflow-x=\u00a0\u00bbhidden\u00a0\u00bb overflow-y=\u00a0\u00bbhidden\u00a0\u00bb custom_padding=\u00a0\u00bb4px||||false|false\u00a0\u00bb custom_padding_tablet=\u00a0\u00bb40px||||false|false\u00a0\u00bb custom_padding_phone=\u00a0\u00bb40px||||false|false\u00a0\u00bb collapsed=\u00a0\u00bbon\u00a0\u00bb global_colors_info=\u00a0\u00bb{%22gcid-1bcf785a-50e1-437b-b09f-65567babc1de%22:%91%22background_color%22,%22background_color_gradient_stops%22%93}\u00a0\u00bb][et_pb_row _builder_version=\u00a0\u00bb4.27.6&Prime; _module_preset=\u00a0\u00bbdefault\u00a0\u00bb custom_padding=\u00a0\u00bb||2px|||\u00a0\u00bb global_colors_info=\u00a0\u00bb{}\u00a0\u00bb][et_pb_column type=\u00a0\u00bb4_4&Prime; _builder_version=\u00a0\u00bb4.19.5&Prime; _module_preset=\u00a0\u00bbdefault\u00a0\u00bb z_index=\u00a0\u00bb10&Prime; global_colors_info=\u00a0\u00bb{}\u00a0\u00bb][et_pb_text _builder_version=\u00a0\u00bb4.27.6&Prime; _module_preset=\u00a0\u00bb31f8d991-cdd9-42ec-b760-05824d1eacd4&Prime; header_font=\u00a0\u00bbTimes New Roman||||||||\u00a0\u00bb header_text_align=\u00a0\u00bbcenter\u00a0\u00bb header_text_color=\u00a0\u00bb#E09900&Prime; header_font_size=\u00a0\u00bb57px\u00a0\u00bb header_letter_spacing=\u00a0\u00bb7px\u00a0\u00bb custom_margin=\u00a0\u00bb|-142px|10px|-121px|false|false\u00a0\u00bb locked=\u00a0\u00bboff\u00a0\u00bb global_colors_info=\u00a0\u00bb{}\u00a0\u00bb]<\/p>\n<h1>Les Concepts lib\u00e9rateurs<\/h1>\n<h3 style=\"text-align: center;\"><span style=\"color: #e09900;\">Voir &#8211; Reconna\u00eetre &#8211; Accueillir &#8211; Lib\u00e9r\u00e9<\/span><\/h3>\n<h3 style=\"text-align: center;\"><span style=\"color: #e09900;\">Comprendre les m\u00e9canismes&#8230; de l&rsquo;exp\u00e9rience<\/span><\/h3>\n<p>&nbsp;<\/p>\n<p>[\/et_pb_text][et_pb_image src=\u00a0\u00bbhttps:\/\/cmve.ca\/wp-content\/uploads\/2026\/04\/fioriture-1-1.png\u00a0\u00bb title_text=\u00a0\u00bbfioriture-1-1&Prime; align=\u00a0\u00bbcenter\u00a0\u00bb _builder_version=\u00a0\u00bb4.27.6&Prime; _module_preset=\u00a0\u00bbdefault\u00a0\u00bb module_alignment=\u00a0\u00bbcenter\u00a0\u00bb custom_margin=\u00a0\u00bb-40px||3px||false|false\u00a0\u00bb global_colors_info=\u00a0\u00bb{}\u00a0\u00bb][\/et_pb_image][et_pb_image src=\u00a0\u00bbhttps:\/\/cmve.ca\/wp-content\/uploads\/2026\/04\/LIVRE-6-X-9-V6-200&#215;300.png\u00a0\u00bb alt=\u00a0\u00bbCentre M\u00e9taphysique. Centre M\u00e9taphysique appliqu\u00e9e\u00a0\u00bb title_text=\u00a0\u00bbLIVRE-6-X-9-V6&Prime; align=\u00a0\u00bbcenter\u00a0\u00bb _builder_version=\u00a0\u00bb4.27.6&Prime; _module_preset=\u00a0\u00bbdefault\u00a0\u00bb custom_margin=\u00a0\u00bb0px|||||\u00a0\u00bb border_width_all=\u00a0\u00bb1px\u00a0\u00bb border_color_all=\u00a0\u00bb#E09900&Prime; global_colors_info=\u00a0\u00bb{}\u00a0\u00bb][\/et_pb_image][et_pb_text _builder_version=\u00a0\u00bb4.27.6&Prime; _module_preset=\u00a0\u00bbdefault\u00a0\u00bb text_font=\u00a0\u00bbTimes New Roman||||||||\u00a0\u00bb text_text_color=\u00a0\u00bb#FFFFFF\u00a0\u00bb text_font_size=\u00a0\u00bb22px\u00a0\u00bb text_orientation=\u00a0\u00bbcenter\u00a0\u00bb custom_margin=\u00a0\u00bb47px|||||\u00a0\u00bb global_colors_info=\u00a0\u00bb{}\u00a0\u00bb]<\/p>\n<p>Ces concepts sont issus du livre \u00ab <em data-start=\"322\" data-end=\"357\">Les chemins du Retour \u00e0 la Maison \u00bb<\/em>.<br data-start=\"358\" data-end=\"361\" \/>Ils sont ici rendus accessibles pour permettre \u00e0 chacun d\u2019explorer,<br \/>\u00e0 son rythme, ce qui se vit en soi\u00a0 : \u00ab r\u00e9actions, \u00e9motions, relations&#8230; \u00bb<\/p>\n<p>Chaque concept ouvre un regard, une compr\u00e9hension, une mani\u00e8re de voir autrement<br \/>ce que nous vivons, et de reconna\u00eetre ce qui, en nous, demande \u00e0 \u00eatre vu, compris et lib\u00e9r\u00e9.<\/p>\n<p>Cet espace donne acc\u00e8s aux concepts, directement en ligne, afin de permettre \u00e0 celles et ceux qui n\u2019ont pas lu le livre \u00ab <em data-start=\"384\" data-end=\"419\">Les chemins du Retour \u00e0 la Maison \u00ab<\/em> d\u2019en d\u00e9couvrir le contenu.<\/p>\n<p>Pour celles et ceux qui pr\u00e9f\u00e8rent une lecture sur papier,<br \/>le livre est \u00e9galement disponible dans la section \u00ab Le Livre \u00bb pr\u00e9vue \u00e0 cet effet.<\/p>\n<p>[\/et_pb_text][\/et_pb_column][\/et_pb_row][et_pb_row _builder_version=\u00a0\u00bb4.27.6&Prime; _module_preset=\u00a0\u00bbdefault\u00a0\u00bb custom_margin=\u00a0\u00bb19px|auto||auto||\u00a0\u00bb global_colors_info=\u00a0\u00bb{}\u00a0\u00bb][et_pb_column type=\u00a0\u00bb4_4&Prime; _builder_version=\u00a0\u00bb4.27.6&Prime; _module_preset=\u00a0\u00bbdefault\u00a0\u00bb global_colors_info=\u00a0\u00bb{}\u00a0\u00bb][dsm_text_divider header=\u00a0\u00bb\u201cTrois fa\u00e7ons de d\u00e9couvrir et d\u2019explorer les concepts\u201d\u00a0\u00bb color=\u00a0\u00bb#FFFFFF\u00a0\u00bb _builder_version=\u00a0\u00bb4.27.6&Prime; _module_preset=\u00a0\u00bbdefault\u00a0\u00bb header_level=\u00a0\u00bbh2&Prime; header_font=\u00a0\u00bbTimes New Roman|600|||||||\u00a0\u00bb header_text_align=\u00a0\u00bbcenter\u00a0\u00bb header_text_color=\u00a0\u00bb#FFFFFF\u00a0\u00bb background_color=\u00a0\u00bbRGBA(255,255,255,0)\u00a0\u00bb global_colors_info=\u00a0\u00bb{}\u00a0\u00bb][\/dsm_text_divider][\/et_pb_column][\/et_pb_row][et_pb_row column_structure=\u00a0\u00bb1_3,1_3,1_3&Prime; _builder_version=\u00a0\u00bb4.27.6&Prime; _module_preset=\u00a0\u00bbdefault\u00a0\u00bb global_colors_info=\u00a0\u00bb{}\u00a0\u00bb][et_pb_column type=\u00a0\u00bb1_3&Prime; _builder_version=\u00a0\u00bb4.27.6&Prime; _module_preset=\u00a0\u00bbdefault\u00a0\u00bb global_colors_info=\u00a0\u00bb{}\u00a0\u00bb][ba_card use_icon=\u00a0\u00bbon\u00a0\u00bb icon=\u00a0\u00bb&#xe602;||divi||400&Prime; title=\u00a0\u00bbListe des concepts\u00a0\u00bb description=\u00a0\u00bb<\/p>\n<p data-start=%2293%22 data-end=%22174%22><span style=%22color: #ffffff;%22>40 concepts en ligne pour comprendre les m\u00e9canismes de l&rsquo;exp\u00e9rience. <\/span><span style=%22color: #ffffff;%22>D\u00e9couvrez le concept qui r\u00e9sonnent avec vous !<\/span><\/p>\n<p><span style=%22color: #ffffff;%22> <\/span><span style=%22color: #ffffff;%22>\u2713 Les concept <\/span><span style=%22color: #ffffff;%22>\u2713 <span>issu du Livre<br \/>\u00ab <\/span><em>Les Chemins<br \/>du Retour \u00e0 la Maison<\/em><span> \u00bb<\/span><\/span><\/p>\n<p>\u00a0\u00bb use_button=\u00a0\u00bbon\u00a0\u00bb button_text=\u00a0\u00bbVoir les concepts\u00a0\u00bb button_link=\u00a0\u00bbhttps:\/\/cmve.ca\/liste-des-concepts\/\u00a0\u00bb icon_color=\u00a0\u00bb#f9d800&Prime; icon_size=\u00a0\u00bb60px\u00a0\u00bb icon_padding=\u00a0\u00bb0px|0px|10px|0px\u00a0\u00bb btn_spacing_top=\u00a0\u00bb20px\u00a0\u00bb content_alignment=\u00a0\u00bbcenter\u00a0\u00bb content_padding=\u00a0\u00bb0px|0px|0px|0px|false|false\u00a0\u00bb _builder_version=\u00a0\u00bb4.27.6&Prime; _module_preset=\u00a0\u00bbdefault\u00a0\u00bb title_font=\u00a0\u00bbTimes New Roman|700|||||||\u00a0\u00bb title_text_color=\u00a0\u00bb#f9d800&Prime; title_font_size=\u00a0\u00bb1.5rem\u00a0\u00bb description_font=\u00a0\u00bbTimes New Roman||||||||\u00a0\u00bb description_font_size=\u00a0\u00bb16px\u00a0\u00bb background_image=\u00a0\u00bbhttps:\/\/cmve.ca\/wp-content\/uploads\/2026\/04\/fond-sans-lueur10.png\u00a0\u00bb background_position=\u00a0\u00bbbottom_left\u00a0\u00bb background_horizontal_offset=\u00a0\u00bb0%\u00a0\u00bb custom_button=\u00a0\u00bbon\u00a0\u00bb button_text_size=\u00a0\u00bb1rem\u00a0\u00bb button_text_color=\u00a0\u00bb#FFFFFF\u00a0\u00bb button_bg_image=\u00a0\u00bbhttps:\/\/cmve.ca\/wp-content\/uploads\/2026\/04\/fond-transmission4-4.png\u00a0\u00bb button_border_width=\u00a0\u00bb1px\u00a0\u00bb button_border_color=\u00a0\u00bbRGBA(255,255,255,0)\u00a0\u00bb button_border_radius=\u00a0\u00bb8px\u00a0\u00bb button_font=\u00a0\u00bbTimes New Roman|700|||||||\u00a0\u00bb button_icon=\u00a0\u00bb&#x41;||divi||400&Prime; text_orientation=\u00a0\u00bbcenter\u00a0\u00bb custom_padding=\u00a0\u00bb30px|30px|30px|30px|false|false\u00a0\u00bb hover_enabled=\u00a0\u00bb0&Prime; border_radii_card=\u00a0\u00bbon|10px|10px|10px|10px\u00a0\u00bb border_color_all_card=\u00a0\u00bb#E09900&Prime; border_style_all_card=\u00a0\u00bbsolid\u00a0\u00bb border_width_right_card=\u00a0\u00bb1px\u00a0\u00bb global_colors_info=\u00a0\u00bb{}\u00a0\u00bb title_text=\u00a0\u00bbfond-sans-lueur10&Prime; sticky_enabled=\u00a0\u00bb0&Prime; button_custom_margin=\u00a0\u00bb||-1px||false|false\u00a0\u00bb][\/ba_card][\/et_pb_column][et_pb_column type=\u00a0\u00bb1_3&Prime; _builder_version=\u00a0\u00bb4.27.6&Prime; _module_preset=\u00a0\u00bbdefault\u00a0\u00bb global_colors_info=\u00a0\u00bb{}\u00a0\u00bb][ba_card use_icon=\u00a0\u00bbon\u00a0\u00bb icon=\u00a0\u00bb&#xe602;||divi||400&Prime; title=\u00a0\u00bbRencontres de groupe\u00a0\u00bb description=\u00a0\u00bb<\/p>\n<section class=%22text-token-text-primary w-full focus:outline-none %91--shadow-height:45px%93 has-data-writing-block:pointer-events-none has-data-writing-block:-mt-(--shadow-height) has-data-writing-block:pt-(--shadow-height) %91&amp;:has(%91data-writing-block%93)&gt;*%93:pointer-events-auto %91content-visibility:auto%93 supports-%91content-visibility:auto%93:%91contain-intrinsic-size:auto_100lvh%93 R6Vx5W_threadScrollVars scroll-mb-%91calc(var(--scroll-root-safe-area-inset-bottom,0px)+var(--thread-response-height))%93 scroll-mt-%91calc(var(--header-height)+min(200px,max(70px,20svh)))%93%22 dir=%22auto%22 data-turn-id=%22request-WEB:70f74527-24fe-47d0-8852-c4c0089261e8-20%22 data-testid=%22conversation-turn-6%22 data-scroll-anchor=%22false%22 data-turn=%22assistant%22>\n<div class=%22text-base my-auto mx-auto pb-10 %91--thread-content-margin:var(--thread-content-margin-xs,calc(var(--spacing)*4))%93 @w-sm\/main:%91--thread-content-margin:var(--thread-content-margin-sm,calc(var(--spacing)*6))%93 @w-lg\/main:%91--thread-content-margin:var(--thread-content-margin-lg,calc(var(--spacing)*16))%93 px-(--thread-content-margin)%22>\n<div class=%22%91--thread-content-max-width:40rem%93 @w-lg\/main:%91--thread-content-max-width:48rem%93 mx-auto max-w-(--thread-content-max-width) flex-1 group\/turn-messages focus-visible:outline-hidden relative flex w-full min-w-0 flex-col agent-turn%22>\n<div class=%22flex max-w-full flex-col gap-4 grow%22>\n<div data-message-author-role=%22assistant%22 data-message-id=%229ce21ad6-cd84-42c9-bd44-603a59934690%22 dir=%22auto%22 data-message-model-slug=%22gpt-5-3-instant%22 class=%22min-h-8 text-message relative flex w-full flex-col items-end gap-2 text-start break-words whitespace-normal outline-none keyboard-focused:focus-ring %91.text-message+&amp;%93:mt-1%22 data-turn-start-message=%22true%22 tabindex=%220%22>\n<div class=%22flex w-full flex-col gap-1 empty:hidden%22>\n<div class=%22markdown prose dark:prose-invert w-full wrap-break-word dark markdown-new-styling%22>\n<p data-start=%2277%22 data-end=%22177%22>Trasmissions d&rsquo;informations<br \/>Rencontres en direct pour<br \/>voir et comprendre ce qui se vit.<\/p>\n<p data-start=%22179%22 data-end=%22285%22>\u2713 Rencontres en pr\u00e9sentielles<br \/>\u2713 Rencontres virtuelles interactives<br data-start=%22215%22 data-end=%22218%22 \/>\u2713 \u00c9changes et partages en groupe<br data-start=%22250%22 data-end=%22253%22 \/>\u2713 Exp\u00e9rience vivante et guid\u00e9e<\/p>\n<\/div>\n<\/div>\n<\/div>\n<\/div>\n<\/div>\n<\/div>\n<\/section>\n<p>\u00a0\u00bb use_button=\u00a0\u00bbon\u00a0\u00bb button_text=\u00a0\u00bbParticiper aux rencontres\u00a0\u00bb button_link=\u00a0\u00bb#\u00a0\u00bb icon_color=\u00a0\u00bb#f9d800&Prime; icon_size=\u00a0\u00bb60px\u00a0\u00bb icon_padding=\u00a0\u00bb0px|0px|10px|0px\u00a0\u00bb btn_spacing_top=\u00a0\u00bb20px\u00a0\u00bb content_alignment=\u00a0\u00bbcenter\u00a0\u00bb content_padding=\u00a0\u00bb0px|0px|0px|0px|false|false\u00a0\u00bb _builder_version=\u00a0\u00bb4.27.6&Prime; _module_preset=\u00a0\u00bbdefault\u00a0\u00bb badge_text_color=\u00a0\u00bbRGBA(255,255,255,0)\u00a0\u00bb title_font=\u00a0\u00bbTimes New Roman|700|||||||\u00a0\u00bb title_text_color=\u00a0\u00bb#f9d800&Prime; title_font_size=\u00a0\u00bb1.5rem\u00a0\u00bb description_font=\u00a0\u00bbTimes New Roman||||||||\u00a0\u00bb description_text_color=\u00a0\u00bb#FFFFFF\u00a0\u00bb description_font_size=\u00a0\u00bb16px\u00a0\u00bb background_image=\u00a0\u00bbhttps:\/\/cmve.ca\/wp-content\/uploads\/2026\/04\/fond-sans-lueur10.png\u00a0\u00bb background_position=\u00a0\u00bbbottom_left\u00a0\u00bb background_horizontal_offset=\u00a0\u00bb0%\u00a0\u00bb custom_button=\u00a0\u00bbon\u00a0\u00bb button_text_size=\u00a0\u00bb1rem\u00a0\u00bb button_text_color=\u00a0\u00bb#FFFFFF\u00a0\u00bb button_bg_color=\u00a0\u00bb#f4d000&Prime; button_bg_use_color_gradient=\u00a0\u00bbon\u00a0\u00bb button_bg_image=\u00a0\u00bbhttps:\/\/cmve.ca\/wp-content\/uploads\/2026\/04\/fond-transmission4-4.png\u00a0\u00bb button_border_width=\u00a0\u00bb1px\u00a0\u00bb button_border_color=\u00a0\u00bb#E09900&Prime; button_border_radius=\u00a0\u00bb8px\u00a0\u00bb button_font=\u00a0\u00bbTimes New Roman|700|||||||\u00a0\u00bb button_icon=\u00a0\u00bb&#x41;||divi||400&Prime; text_orientation=\u00a0\u00bbcenter\u00a0\u00bb custom_padding=\u00a0\u00bb30px|30px|30px|30px|false|false\u00a0\u00bb hover_enabled=\u00a0\u00bb0&Prime; border_radii_card=\u00a0\u00bbon|9px|9px|9px|9px\u00a0\u00bb border_color_all_card=\u00a0\u00bb#E09900&Prime; border_style_all_card=\u00a0\u00bbsolid\u00a0\u00bb border_width_right_card=\u00a0\u00bb1px\u00a0\u00bb global_colors_info=\u00a0\u00bb{}\u00a0\u00bb title_text=\u00a0\u00bbfond-sans-lueur10&Prime; sticky_enabled=\u00a0\u00bb0&Prime;][\/ba_card][\/et_pb_column][et_pb_column type=\u00a0\u00bb1_3&Prime; _builder_version=\u00a0\u00bb4.27.6&Prime; _module_preset=\u00a0\u00bbdefault\u00a0\u00bb global_colors_info=\u00a0\u00bb{}\u00a0\u00bb][ba_card use_icon=\u00a0\u00bbon\u00a0\u00bb icon=\u00a0\u00bb&#xe602;||divi||400&Prime; title=\u00a0\u00bbRencontre individuelle\u00a0\u00bb description=\u00a0\u00bb<\/p>\n<p data-start=%22362%22 data-end=%22447%22><span style=%22color: #ffffff;%22>Un espace en priv\u00e9 <\/span><span style=%22color: #ffffff;%22>pour approfondir un concept <\/span><span style=%22color: #ffffff;%22>et mieux comprendre ce qui se vit. Avancer avec plus de clart\u00e9 dans ce que l\u2019on traverse.<\/span><\/p>\n<p data-start=%22449%22 data-end=%22531%22><span style=%22color: #ffffff;%22>\u2713 Rencontre en priv\u00e9<\/span><br data-start=%22469%22 data-end=%22472%22 \/><span style=%22color: #ffffff;%22>\u2713 Approfondissement d&rsquo;un concept<\/span><br data-start=%22504%22 data-end=%22507%22 \/><span style=%22color: #ffffff;%22>\u2713 Transmission personnalis\u00e9<\/span><\/p>\n<p>\u00a0\u00bb use_button=\u00a0\u00bbon\u00a0\u00bb button_text=\u00a0\u00bbR\u00e9server une rencontre\u00a0\u00bb button_link=\u00a0\u00bb#\u00a0\u00bb icon_color=\u00a0\u00bb#f9d800&Prime; icon_size=\u00a0\u00bb60px\u00a0\u00bb icon_padding=\u00a0\u00bb0px|0px|10px|0px\u00a0\u00bb btn_spacing_top=\u00a0\u00bb20px\u00a0\u00bb content_alignment=\u00a0\u00bbcenter\u00a0\u00bb content_padding=\u00a0\u00bb0px|0px|0px|0px|false|false\u00a0\u00bb _builder_version=\u00a0\u00bb4.27.6&Prime; _module_preset=\u00a0\u00bbdefault\u00a0\u00bb title_font=\u00a0\u00bbTimes New Roman|700|||||||\u00a0\u00bb title_text_color=\u00a0\u00bb#f9d800&Prime; title_font_size=\u00a0\u00bb1.5rem\u00a0\u00bb description_font=\u00a0\u00bbTimes New Roman||||||||\u00a0\u00bb description_font_size=\u00a0\u00bb16px\u00a0\u00bb background_image=\u00a0\u00bbhttps:\/\/cmve.ca\/wp-content\/uploads\/2026\/04\/fond-sans-lueur10.png\u00a0\u00bb background_position=\u00a0\u00bbbottom_left\u00a0\u00bb background_horizontal_offset=\u00a0\u00bb0%\u00a0\u00bb custom_button=\u00a0\u00bbon\u00a0\u00bb button_text_size=\u00a0\u00bb1rem\u00a0\u00bb button_text_color=\u00a0\u00bb#FFFFFF\u00a0\u00bb button_bg_color=\u00a0\u00bb#f4d000&Prime; button_bg_use_color_gradient=\u00a0\u00bbon\u00a0\u00bb button_bg_image=\u00a0\u00bbhttps:\/\/cmve.ca\/wp-content\/uploads\/2026\/04\/fond-transmission4-4.png\u00a0\u00bb button_border_width=\u00a0\u00bb1px\u00a0\u00bb button_border_color=\u00a0\u00bb#E09900&Prime; button_border_radius=\u00a0\u00bb8px\u00a0\u00bb button_font=\u00a0\u00bbTimes New Roman|700|||||||\u00a0\u00bb button_icon=\u00a0\u00bb&#x41;||divi||400&Prime; text_orientation=\u00a0\u00bbcenter\u00a0\u00bb custom_padding=\u00a0\u00bb30px|30px|30px|30px|false|false\u00a0\u00bb hover_enabled=\u00a0\u00bb0&Prime; border_radii_card=\u00a0\u00bbon|9px|9px|9px|9px\u00a0\u00bb border_color_all_card=\u00a0\u00bb#E09900&Prime; border_style_all_card=\u00a0\u00bbsolid\u00a0\u00bb border_width_right_card=\u00a0\u00bb1px\u00a0\u00bb global_colors_info=\u00a0\u00bb{}\u00a0\u00bb title_text=\u00a0\u00bbfond-sans-lueur10&Prime; sticky_enabled=\u00a0\u00bb0&Prime;][\/ba_card][\/et_pb_column][\/et_pb_row][\/et_pb_section]<\/p>\n","protected":false},"excerpt":{"rendered":"<p>Les Concepts lib\u00e9rateurs Voir &#8211; Reconna\u00eetre &#8211; Accueillir &#8211; Lib\u00e9r\u00e9 Comprendre les m\u00e9canismes&#8230; de l&rsquo;exp\u00e9rience &nbsp;Ces concepts sont issus du livre \u00ab Les chemins du Retour \u00e0 la Maison \u00bb.Ils sont ici rendus accessibles pour permettre \u00e0 chacun d\u2019explorer,\u00e0 son rythme, ce qui se vit en soi\u00a0 : \u00ab r\u00e9actions, \u00e9motions, relations&#8230; \u00bb Chaque concept [&hellip;]<\/p>\n","protected":false},"author":1,"featured_media":0,"parent":0,"menu_order":0,"comment_status":"closed","ping_status":"closed","template":"","meta":{"_et_pb_use_builder":"on","_et_pb_old_content":"","_et_gb_content_width":"","pagelayer_contact_templates":[],"_pagelayer_content":"","footnotes":""},"class_list":["post-2123","page","type-page","status-publish","hentry"],"_links":{"self":[{"href":"https:\/\/cmve.ca\/en\/wp-json\/wp\/v2\/pages\/2123","targetHints":{"allow":["GET"]}}],"collection":[{"href":"https:\/\/cmve.ca\/en\/wp-json\/wp\/v2\/pages"}],"about":[{"href":"https:\/\/cmve.ca\/en\/wp-json\/wp\/v2\/types\/page"}],"author":[{"embeddable":true,"href":"https:\/\/cmve.ca\/en\/wp-json\/wp\/v2\/users\/1"}],"replies":[{"embeddable":true,"href":"https:\/\/cmve.ca\/en\/wp-json\/wp\/v2\/comments?post=2123"}],"version-history":[{"count":136,"href":"https:\/\/cmve.ca\/en\/wp-json\/wp\/v2\/pages\/2123\/revisions"}],"predecessor-version":[{"id":2862,"href":"https:\/\/cmve.ca\/en\/wp-json\/wp\/v2\/pages\/2123\/revisions\/2862"}],"wp:attachment":[{"href":"https:\/\/cmve.ca\/en\/wp-json\/wp\/v2\/media?parent=2123"}],"curies":[{"name":"wp","href":"https:\/\/api.w.org\/{rel}","templated":true}]}}