{"id":2020,"date":"2026-04-07T18:58:51","date_gmt":"2026-04-07T18:58:51","guid":{"rendered":"https:\/\/cmve.ca\/?page_id=2020"},"modified":"2026-04-07T19:45:52","modified_gmt":"2026-04-07T19:45:52","slug":"manifeste-de-la-metaphysique-vivante-de-letre","status":"publish","type":"page","link":"https:\/\/cmve.ca\/en\/manifeste-de-la-metaphysique-vivante-de-letre\/","title":{"rendered":"Manifesto of the Living Metaphysics of Being"},"content":{"rendered":"<p>[et_pb_section fb_built=\u00a0\u00bb1&Prime; theme_builder_area=\u00a0\u00bbpost_content\u00a0\u00bb _builder_version=\u00a0\u00bb4.27.5&Prime; _module_preset=\u00a0\u00bbdefault\u00a0\u00bb custom_padding=\u00a0\u00bb0px||5px|||\u00a0\u00bb][et_pb_row _builder_version=\u00a0\u00bb4.27.5&Prime; _module_preset=\u00a0\u00bbdefault\u00a0\u00bb theme_builder_area=\u00a0\u00bbpost_content\u00a0\u00bb custom_padding=\u00a0\u00bb25px|||||\u00a0\u00bb custom_margin=\u00a0\u00bb-4px|auto||auto||\u00a0\u00bb][et_pb_column _builder_version=\u00a0\u00bb4.27.5&Prime; _module_preset=\u00a0\u00bbdefault\u00a0\u00bb type=\u00a0\u00bb4_4&Prime; theme_builder_area=\u00a0\u00bbpost_content\u00a0\u00bb][et_pb_text _builder_version=\u00a0\u00bb4.27.5&Prime; _module_preset=\u00a0\u00bbdefault\u00a0\u00bb theme_builder_area=\u00a0\u00bbpost_content\u00a0\u00bb text_font=\u00a0\u00bbTimes New Roman||||||||\u00a0\u00bb text_text_color=\u00a0\u00bb#000000&Prime; text_orientation=\u00a0\u00bbcenter\u00a0\u00bb hover_enabled=\u00a0\u00bb0&Prime; sticky_enabled=\u00a0\u00bb0&Prime; custom_padding=\u00a0\u00bb16px||0px|||\u00a0\u00bb custom_margin=\u00a0\u00bb14px|||||\u00a0\u00bb]<\/p>\n<p><strong>\u00a0<\/strong><strong style=\"color: #333333; font-size: 30px;\">Manifeste de la M\u00e9taphysique Vivante de l\u2019\u00catre<\/strong><\/p>\n<p>[\/et_pb_text][\/et_pb_column][\/et_pb_row][et_pb_row _builder_version=\u00a0\u00bb4.27.5&Prime; _module_preset=\u00a0\u00bbdefault\u00a0\u00bb theme_builder_area=\u00a0\u00bbpost_content\u00a0\u00bb][et_pb_column _builder_version=\u00a0\u00bb4.27.5&Prime; _module_preset=\u00a0\u00bbdefault\u00a0\u00bb type=\u00a0\u00bb4_4&Prime; theme_builder_area=\u00a0\u00bbpost_content\u00a0\u00bb][et_pb_text _builder_version=\u00a0\u00bb4.27.5&Prime; _module_preset=\u00a0\u00bbdefault\u00a0\u00bb theme_builder_area=\u00a0\u00bbpost_content\u00a0\u00bb text_font=\u00a0\u00bbTimes New Roman||||||||\u00a0\u00bb text_text_color=\u00a0\u00bb#000000&Prime; text_font_size=\u00a0\u00bb20px\u00a0\u00bb text_orientation=\u00a0\u00bbjustified\u00a0\u00bb hover_enabled=\u00a0\u00bb0&Prime; sticky_enabled=\u00a0\u00bb0&Prime; custom_margin=\u00a0\u00bb-32px|||||\u00a0\u00bb]<\/p>\n<p>Il se reconna\u00eet que la Vie, la Conscience et l\u2019\u00catre ne font qu\u2019Un. Que l\u2019\u00catre humain n\u2019est pas en qu\u00eate de v\u00e9rit\u00e9, mais en processus de reconnaissance de ce qu\u2019il est d\u00e9j\u00e0.<\/p>\n<p>Nous ne transmettons aucune croyance, nous ouvrons un espace o\u00f9 la Vie se rappelle \u00e0 elle-m\u00eame. Ici, la transmission d&rsquo;information n\u2019est pas une accumulation de savoirs, mais un d\u00e9voilement. Chaque mot, chaque regard, chaque silence devient un miroir o\u00f9 l\u2019\u00catre peut se voir, se reconna\u00eetre et se lib\u00e9rer.<\/p>\n<p>Nous honorons la blessure comme passage, le doute comme seuil, et la souffrance comme messag\u00e8re de la Vie qui cherche \u00e0 se r\u00e9tablir en nous.<\/p>\n<p>Le Centre de M\u00e9taphysique Vivante de l\u2019\u00catre n\u2019impose rien, il invite \u00e0 se d\u00e9pouiller de tout. Elle ne promet pas d\u2019atteindre, mais de revenir, \u00e0 ce lieu d\u2019o\u00f9 tout \u00e9mane, o\u00f9 tout se r\u00e9unit et o\u00f9 l\u2019Amour n\u2019a plus d\u2019oppos\u00e9.<\/p>\n<p style=\"text-align: center;\"><strong>Nous sommes la Vie qui s\u2019\u00e9veille \u00e0 elle-m\u00eame,<br \/>la Vie qui se reconna\u00eet en l\u2019\u00catre,<br \/>l\u2019\u00catre qui retourne \u00e0 l\u2019Unit\u00e9.<\/strong><\/p>\n<h2><strong>Les transmissions d&rsquo;informations du Centre de M\u00e9taphysique vivante de l\u2019\u00catre<\/strong><\/h2>\n<p>La compr\u00e9hension du processus de cr\u00e9ation :<br \/>\u00a0 \u00a0 Le N\u00e9ant : Les toutes possibilit\u00e9s ;<br \/>\u00a0 \u00a0 L\u2019\u00c9nergie : La manifestation ;<br \/>\u00a0 \u00a0 La Conscience : l\u2019information ;<br \/>\u00a0 \u00a0 La forme : La mati\u00e8re.<\/p>\n<p>La compr\u00e9hension des comportements humains :<br \/>\u00a0 \u00a0 Les programmes : l\u2019inconscient et le conscient.<\/p>\n<p>La compr\u00e9hension de l\u2019information et de son r\u00e9ceptacle :<br \/>\u00a0 \u00a0 La conscience et le conscient.<\/p>\n<p>La compr\u00e9hension de la manifestation de la forme :<br \/>\u00a0 \u00a0 La neutralit\u00e9 de l\u2019\u00c9nergie Cr\u00e9atrice.<\/p>\n<ul><\/ul>\n<p>[\/et_pb_text][\/et_pb_column][\/et_pb_row][\/et_pb_section]<\/p>\n","protected":false},"excerpt":{"rendered":"<p>\u00a0Manifeste de la M\u00e9taphysique Vivante de l\u2019\u00catreIl se reconna\u00eet que la Vie, la Conscience et l\u2019\u00catre ne font qu\u2019Un. Que l\u2019\u00catre humain n\u2019est pas en qu\u00eate de v\u00e9rit\u00e9, mais en processus de reconnaissance de ce qu\u2019il est d\u00e9j\u00e0. Nous ne transmettons aucune croyance, nous ouvrons un espace o\u00f9 la Vie se rappelle \u00e0 elle-m\u00eame. Ici, [&hellip;]<\/p>\n","protected":false},"author":1,"featured_media":0,"parent":0,"menu_order":0,"comment_status":"closed","ping_status":"closed","template":"","meta":{"_et_pb_use_builder":"on","_et_pb_old_content":"","_et_gb_content_width":"","pagelayer_contact_templates":[],"_pagelayer_content":"","footnotes":""},"class_list":["post-2020","page","type-page","status-publish","hentry"],"_links":{"self":[{"href":"https:\/\/cmve.ca\/en\/wp-json\/wp\/v2\/pages\/2020","targetHints":{"allow":["GET"]}}],"collection":[{"href":"https:\/\/cmve.ca\/en\/wp-json\/wp\/v2\/pages"}],"about":[{"href":"https:\/\/cmve.ca\/en\/wp-json\/wp\/v2\/types\/page"}],"author":[{"embeddable":true,"href":"https:\/\/cmve.ca\/en\/wp-json\/wp\/v2\/users\/1"}],"replies":[{"embeddable":true,"href":"https:\/\/cmve.ca\/en\/wp-json\/wp\/v2\/comments?post=2020"}],"version-history":[{"count":11,"href":"https:\/\/cmve.ca\/en\/wp-json\/wp\/v2\/pages\/2020\/revisions"}],"predecessor-version":[{"id":2038,"href":"https:\/\/cmve.ca\/en\/wp-json\/wp\/v2\/pages\/2020\/revisions\/2038"}],"wp:attachment":[{"href":"https:\/\/cmve.ca\/en\/wp-json\/wp\/v2\/media?parent=2020"}],"curies":[{"name":"wp","href":"https:\/\/api.w.org\/{rel}","templated":true}]}}