{"id":1999,"date":"2026-04-07T17:29:25","date_gmt":"2026-04-07T17:29:25","guid":{"rendered":"https:\/\/cmve.ca\/?page_id=1999"},"modified":"2026-04-07T18:55:55","modified_gmt":"2026-04-07T18:55:55","slug":"intention-globale-du-centre-de-metaphysique-vivante-de-letre","status":"publish","type":"page","link":"https:\/\/cmve.ca\/en\/intention-globale-du-centre-de-metaphysique-vivante-de-letre\/","title":{"rendered":"Overall Intention of the Center for Living Metaphysics of Being"},"content":{"rendered":"<p>[et_pb_section fb_built=\u00a0\u00bb1&Prime; _builder_version=\u00a0\u00bb4.27.5&Prime; _module_preset=\u00a0\u00bbdefault\u00a0\u00bb custom_padding=\u00a0\u00bb3px||3px|||\u00a0\u00bb global_colors_info=\u00a0\u00bb{}\u00a0\u00bb][et_pb_row _builder_version=\u00a0\u00bb4.27.5&Prime; _module_preset=\u00a0\u00bbdefault\u00a0\u00bb global_colors_info=\u00a0\u00bb{}\u00a0\u00bb custom_padding=\u00a0\u00bb25px|||||\u00a0\u00bb][et_pb_column type=\u00a0\u00bb4_4&Prime; _builder_version=\u00a0\u00bb4.27.5&Prime; _module_preset=\u00a0\u00bbdefault\u00a0\u00bb global_colors_info=\u00a0\u00bb{}\u00a0\u00bb][et_pb_text _builder_version=\u00a0\u00bb4.27.5&Prime; _module_preset=\u00a0\u00bbdefault\u00a0\u00bb text_font=\u00a0\u00bbTimes New Roman||||||||\u00a0\u00bb text_font_size=\u00a0\u00bb23px\u00a0\u00bb text_orientation=\u00a0\u00bbcenter\u00a0\u00bb hover_enabled=\u00a0\u00bb0&Prime; global_colors_info=\u00a0\u00bb{}\u00a0\u00bb sticky_enabled=\u00a0\u00bb0&Prime;]<\/p>\n<h1 style=\"text-align: center;\"><strong><\/strong><\/h1>\n<h1 style=\"text-align: center;\"><strong style=\"font-size: 30px;\">R\u00e9v\u00e9ler l&rsquo;Unit\u00e9 entre la Vie la Conscience et l&rsquo;\u00catre<\/strong><\/h1>\n<h1><strong><\/strong><\/h1>\n<p style=\"text-align: center;\">Un espace pour voir ce qui se vie, comprendre ce qui s&rsquo;active et laisser la Vie r\u00e9tablir son ordre naturel.<\/p>\n<p>[\/et_pb_text][\/et_pb_column][\/et_pb_row][et_pb_row _builder_version=\u00a0\u00bb4.27.5&Prime; _module_preset=\u00a0\u00bbdefault\u00a0\u00bb global_colors_info=\u00a0\u00bb{}\u00a0\u00bb custom_padding=\u00a0\u00bb4px|||||\u00a0\u00bb][et_pb_column type=\u00a0\u00bb4_4&Prime; _builder_version=\u00a0\u00bb4.27.5&Prime; _module_preset=\u00a0\u00bbdefault\u00a0\u00bb global_colors_info=\u00a0\u00bb{}\u00a0\u00bb][et_pb_text _builder_version=\u00a0\u00bb4.27.5&Prime; _module_preset=\u00a0\u00bbdefault\u00a0\u00bb text_font=\u00a0\u00bbTimes New Roman||||||||\u00a0\u00bb text_font_size=\u00a0\u00bb20px\u00a0\u00bb text_orientation=\u00a0\u00bbjustified\u00a0\u00bb hover_enabled=\u00a0\u00bb0&Prime; global_colors_info=\u00a0\u00bb{}\u00a0\u00bb text_text_color=\u00a0\u00bb#000000&Prime; sticky_enabled=\u00a0\u00bb0&Prime;]<\/p>\n<h3><strong>Intention globale du Centre de M\u00e9taphysique Vivante de l\u2019\u00catre<\/strong><\/h3>\n<p data-start=\"1330\" data-end=\"1460\">Le Centre n\u2019enseigne pas des croyances. Il ouvre un espace o\u00f9 chacun peut se reconna\u00eetre comme une expression vivante de la Vie.<\/p>\n<p data-start=\"1462\" data-end=\"1592\">Voir ce qui se vit. Comprendre ce qui s\u2019active. Et laisser se lib\u00e9rer ce qui entrave le mouvement naturel du retour \u00e0 l\u2019Unit\u00e9.<\/p>\n<p data-start=\"1594\" data-end=\"1653\">Ici, la connaissance ne s\u2019accumule pas. Elle se r\u00e9veille.<\/p>\n<p data-start=\"1655\" data-end=\"1782\">Chaque concept, chaque rencontre devient un miroir, non pour analyser, mais pour se reconna\u00eetre \u00e0 travers ce qui se pr\u00e9sente.<\/p>\n<p data-start=\"1784\" data-end=\"1855\">Ce n\u2019est pas un lieu pour apprendre. C\u2019est un lieu pour se retrouver.<\/p>\n<p data-start=\"1857\" data-end=\"1910\">Le Centre ne cherche pas \u00e0 convaincre. Il rappelle.<\/p>\n<p data-start=\"1912\" data-end=\"2005\">Il s\u2019adresse \u00e0 l\u2019\u00catre en chacun, au-del\u00e0 de la personnalit\u00e9, l\u00e0 o\u00f9 quelque chose sait d\u00e9j\u00e0.<\/p>\n<h2><strong>En essence<\/strong><\/h2>\n<p>Le Centre de M\u00e9taphysique Vivante de l\u2019\u00catre est un espace de reconnaissance int\u00e9rieure, o\u00f9 l\u2019on apprend \u00e0 voir, \u00e0 accueillir et \u00e0 laisser la Vie r\u00e9tablir son ordre naturel.<\/p>\n<p><em><\/em><\/p>\n<p>[\/et_pb_text][\/et_pb_column][\/et_pb_row][\/et_pb_section]<\/p>\n","protected":false},"excerpt":{"rendered":"<p>R\u00e9v\u00e9ler l&rsquo;Unit\u00e9 entre la Vie la Conscience et l&rsquo;\u00catre Un espace pour voir ce qui se vie, comprendre ce qui s&rsquo;active et laisser la Vie r\u00e9tablir son ordre naturel.Intention globale du Centre de M\u00e9taphysique Vivante de l\u2019\u00catre Le Centre n\u2019enseigne pas des croyances. Il ouvre un espace o\u00f9 chacun peut se reconna\u00eetre comme une expression [&hellip;]<\/p>\n","protected":false},"author":1,"featured_media":0,"parent":0,"menu_order":0,"comment_status":"closed","ping_status":"closed","template":"","meta":{"_et_pb_use_builder":"on","_et_pb_old_content":"","_et_gb_content_width":"","pagelayer_contact_templates":[],"_pagelayer_content":"","footnotes":""},"class_list":["post-1999","page","type-page","status-publish","hentry"],"_links":{"self":[{"href":"https:\/\/cmve.ca\/en\/wp-json\/wp\/v2\/pages\/1999","targetHints":{"allow":["GET"]}}],"collection":[{"href":"https:\/\/cmve.ca\/en\/wp-json\/wp\/v2\/pages"}],"about":[{"href":"https:\/\/cmve.ca\/en\/wp-json\/wp\/v2\/types\/page"}],"author":[{"embeddable":true,"href":"https:\/\/cmve.ca\/en\/wp-json\/wp\/v2\/users\/1"}],"replies":[{"embeddable":true,"href":"https:\/\/cmve.ca\/en\/wp-json\/wp\/v2\/comments?post=1999"}],"version-history":[{"count":10,"href":"https:\/\/cmve.ca\/en\/wp-json\/wp\/v2\/pages\/1999\/revisions"}],"predecessor-version":[{"id":2018,"href":"https:\/\/cmve.ca\/en\/wp-json\/wp\/v2\/pages\/1999\/revisions\/2018"}],"wp:attachment":[{"href":"https:\/\/cmve.ca\/en\/wp-json\/wp\/v2\/media?parent=1999"}],"curies":[{"name":"wp","href":"https:\/\/api.w.org\/{rel}","templated":true}]}}