{"id":1917,"date":"2026-04-07T14:12:22","date_gmt":"2026-04-07T14:12:22","guid":{"rendered":"https:\/\/cmve.ca\/?page_id=1917"},"modified":"2026-04-07T17:12:46","modified_gmt":"2026-04-07T17:12:46","slug":"la-metaphysique-et-ses-differentes-facons-de-se-vivre","status":"publish","type":"page","link":"https:\/\/cmve.ca\/en\/la-metaphysique-et-ses-differentes-facons-de-se-vivre\/","title":{"rendered":"La m\u00e9taphysique et ses diff\u00e9rentes fa\u00e7ons de se vivre"},"content":{"rendered":"<p>[et_pb_section fb_built=\u00a0\u00bb1&Prime; module_class=\u00a0\u00bbcmve-section-soft\u00a0\u00bb _builder_version=\u00a0\u00bb4.27.5&Prime; _module_preset=\u00a0\u00bbdefault\u00a0\u00bb hover_enabled=\u00a0\u00bb0&Prime; global_colors_info=\u00a0\u00bb{}\u00a0\u00bb sticky_enabled=\u00a0\u00bb0&Prime; custom_padding=\u00a0\u00bb4px||14px|||\u00a0\u00bb][et_pb_row _builder_version=\u00a0\u00bb4.27.5&Prime; _module_preset=\u00a0\u00bbdefault\u00a0\u00bb][et_pb_column _builder_version=\u00a0\u00bb4.27.5&Prime; _module_preset=\u00a0\u00bbdefault\u00a0\u00bb type=\u00a0\u00bb4_4&Prime;][et_pb_text _builder_version=\u00a0\u00bb4.27.5&Prime; _module_preset=\u00a0\u00bbdefault\u00a0\u00bb text_font=\u00a0\u00bbTimes New Roman|300|on||||||\u00a0\u00bb text_font_size=\u00a0\u00bb36px\u00a0\u00bb text_orientation=\u00a0\u00bbcenter\u00a0\u00bb text_text_color=\u00a0\u00bb#560070&Prime; hover_enabled=\u00a0\u00bb0&Prime; sticky_enabled=\u00a0\u00bb0&Prime;]<\/p>\n<p><em><strong>La m\u00e9taphysique\u2026<\/strong><\/em><\/p>\n<p>et ses diff\u00e9rentes fa\u00e7ons de se vivre<\/p>\n<p>[\/et_pb_text][\/et_pb_column][\/et_pb_row][et_pb_row _builder_version=\u00a0\u00bb4.27.5&Prime; _module_preset=\u00a0\u00bbdefault\u00a0\u00bb custom_padding=\u00a0\u00bb2px||4px|||\u00a0\u00bb][et_pb_column _builder_version=\u00a0\u00bb4.27.5&Prime; _module_preset=\u00a0\u00bbdefault\u00a0\u00bb type=\u00a0\u00bb4_4&Prime;][et_pb_text _builder_version=\u00a0\u00bb4.27.5&Prime; _module_preset=\u00a0\u00bbdefault\u00a0\u00bb text_font=\u00a0\u00bbTimes New Roman||||||||\u00a0\u00bb text_text_color=\u00a0\u00bb#5500a0&Prime; text_font_size=\u00a0\u00bb20px\u00a0\u00bb text_orientation=\u00a0\u00bbjustified\u00a0\u00bb hover_enabled=\u00a0\u00bb0&Prime; sticky_enabled=\u00a0\u00bb0&Prime; custom_padding=\u00a0\u00bb0px|||||\u00a0\u00bb]<\/p>\n<p data-start=\"288\" data-end=\"489\">La m\u00e9taphysique ne se vit pas toujours de la m\u00eame mani\u00e8re. Selon l\u2019approche, elle peut chercher \u00e0 comprendre la r\u00e9alit\u00e9 dans ses principes ou \u00e0 \u00e9clairer directement ce que nous vivons int\u00e9rieurement.<\/p>\n<p data-start=\"491\" data-end=\"659\">Certaines d\u00e9marches explorent l\u2019origine, la v\u00e9rit\u00e9 ou l\u2019absolu. D\u2019autres s\u2019int\u00e9ressent \u00e0 l\u2019exp\u00e9rience, \u00e0 la pr\u00e9sence et \u00e0 ce qui se r\u00e9v\u00e8le en nous, ici et maintenant.<\/p>\n<p data-start=\"661\" data-end=\"788\">Cette page propose un rep\u00e8re simple pour situer ces diff\u00e9rentes orientations, et mieux comprendre celle propos\u00e9e par le Centre.<\/p>\n<p>[\/et_pb_text][\/et_pb_column][\/et_pb_row][et_pb_row _builder_version=\u00a0\u00bb4.27.5&Prime; _module_preset=\u00a0\u00bbdefault\u00a0\u00bb custom_padding=\u00a0\u00bb0px|||||\u00a0\u00bb][et_pb_column _builder_version=\u00a0\u00bb4.27.5&Prime; _module_preset=\u00a0\u00bbdefault\u00a0\u00bb type=\u00a0\u00bb4_4&Prime;][dsm_card title=\u00a0\u00bbM\u00e9taphysique\u00a0\u00bb badge_text=\u00a0\u00bbBadget Text\u00a0\u00bb _builder_version=\u00a0\u00bb4.27.5&Prime; _module_preset=\u00a0\u00bbdefault\u00a0\u00bb header_text_color=\u00a0\u00bb#4f0091&Prime; header_font_size=\u00a0\u00bb27px\u00a0\u00bb body_font=\u00a0\u00bbTimes New Roman||||||||\u00a0\u00bb body_text_align=\u00a0\u00bbcenter\u00a0\u00bb body_font_size=\u00a0\u00bb20px\u00a0\u00bb hover_enabled=\u00a0\u00bb0&Prime; sticky_enabled=\u00a0\u00bb0&Prime; header_font=\u00a0\u00bbTimes New Roman||||||||\u00a0\u00bb custom_margin=\u00a0\u00bb10px|-32px||-33px|false|false\u00a0\u00bb header_text_align=\u00a0\u00bbcenter\u00a0\u00bb border_width_all=\u00a0\u00bb3px\u00a0\u00bb border_color_all=\u00a0\u00bb#8300E9&Prime; content_padding=\u00a0\u00bb20px|20px|20px|16px|false|false\u00a0\u00bb body_text_color=\u00a0\u00bb#5500a0&Prime;]<\/p>\n<p data-start=\"980\" data-end=\"1165\">Cette approche cherche \u00e0 comprendre ce qui est \u00e0 l\u2019origine de l\u2019existence.<br data-start=\"1074\" data-end=\"1077\" \/>Elle explore les grandes notions comme l\u2019\u00eatre, la v\u00e9rit\u00e9, l\u2019absolu ou la nature du r\u00e9el.<\/p>\n<p data-start=\"1167\" data-end=\"1297\"><strong data-start=\"1167\" data-end=\"1182\">Mots-cl\u00e9s :<\/strong><br data-start=\"1182\" data-end=\"1185\" \/>\u00catre \u2013 Essence \u2013 Origine \u2013 Cause \u2013 R\u00e9alit\u00e9 \u2013 Invisible \u2013 Conscience \u2013 Existence \u2013 Sens \u2013 Unit\u00e9 \u2013 V\u00e9rit\u00e9 \u2013 Absolu<\/p>\n<p>[\/dsm_card][dsm_card title=\u00a0\u00bbM\u00e9taphysique de l&rsquo;\u00catre\u00a0\u00bb badge_text=\u00a0\u00bbBadget Text\u00a0\u00bb _builder_version=\u00a0\u00bb4.27.5&Prime; _module_preset=\u00a0\u00bbdefault\u00a0\u00bb header_text_color=\u00a0\u00bb#4f0091&Prime; header_font_size=\u00a0\u00bb27px\u00a0\u00bb body_font=\u00a0\u00bbTimes New Roman||||||||\u00a0\u00bb body_text_align=\u00a0\u00bbcenter\u00a0\u00bb body_font_size=\u00a0\u00bb20px\u00a0\u00bb hover_enabled=\u00a0\u00bb0&Prime; sticky_enabled=\u00a0\u00bb0&Prime; header_font=\u00a0\u00bbTimes New Roman||||||||\u00a0\u00bb custom_margin=\u00a0\u00bb10px|-32px||-33px|false|false\u00a0\u00bb header_text_align=\u00a0\u00bbcenter\u00a0\u00bb border_width_all=\u00a0\u00bb3px\u00a0\u00bb border_color_all=\u00a0\u00bb#8300E9&Prime; content_padding=\u00a0\u00bb20px|20px|20px|16px|false|false\u00a0\u00bb body_text_color=\u00a0\u00bb#5500a0&Prime;]<\/p>\n<p data-start=\"1338\" data-end=\"1423\">Une approche centr\u00e9e sur l\u2019essence et la nature profonde de l\u2019\u00eatre<\/p>\n<p data-start=\"1425\" data-end=\"1598\">Ici, l\u2019attention est port\u00e9e sur ce que nous sommes fondamentalement.<br data-start=\"1513\" data-end=\"1516\" \/>Elle met en lumi\u00e8re la dimension essentielle, lumineuse et unifi\u00e9e de l\u2019existence.<\/p>\n<p data-start=\"1600\" data-end=\"1726\"><strong data-start=\"1600\" data-end=\"1615\">Mots-cl\u00e9s :<\/strong><br data-start=\"1615\" data-end=\"1618\" \/>Essence \u2013 Lumi\u00e8re \u2013 V\u00e9rit\u00e9 \u2013 \u00c9nergie \u2013 Conscience \u2013 Existence \u2013 Origine \u2013 Harmonie \u2013 Absolu \u2013 Source \u2013 Unit\u00e9<\/p>\n<p>[\/dsm_card][dsm_card title=\u00a0\u00bbM\u00e9taphysique Vivante\u00a0\u00bb badge_text=\u00a0\u00bbBadget Text\u00a0\u00bb _builder_version=\u00a0\u00bb4.27.5&Prime; _module_preset=\u00a0\u00bbdefault\u00a0\u00bb header_text_color=\u00a0\u00bb#4f0091&Prime; header_font_size=\u00a0\u00bb27px\u00a0\u00bb body_font=\u00a0\u00bbTimes New Roman||||||||\u00a0\u00bb body_text_align=\u00a0\u00bbcenter\u00a0\u00bb body_font_size=\u00a0\u00bb20px\u00a0\u00bb hover_enabled=\u00a0\u00bb0&Prime; sticky_enabled=\u00a0\u00bb0&Prime; header_font=\u00a0\u00bbTimes New Roman||||||||\u00a0\u00bb custom_margin=\u00a0\u00bb10px|-32px||-33px|false|false\u00a0\u00bb header_text_align=\u00a0\u00bbcenter\u00a0\u00bb border_width_all=\u00a0\u00bb3px\u00a0\u00bb border_color_all=\u00a0\u00bb#8300E9&Prime; content_padding=\u00a0\u00bb20px|20px|20px|16px|false|false\u00a0\u00bb body_text_color=\u00a0\u00bb#5500a0&Prime;]<\/p>\n<p data-start=\"1765\" data-end=\"1827\">Une approche bas\u00e9e sur l\u2019exp\u00e9rience directe<\/p>\n<p data-start=\"1829\" data-end=\"2022\">Cette approche part de ce qui se vit r\u00e9ellement dans l\u2019exp\u00e9rience humaine.<br data-start=\"1923\" data-end=\"1926\" \/>Elle vise \u00e0 reconna\u00eetre les m\u00e9canismes \u00e0 l\u2019\u0153uvre en soi, \u00e0 travers la pr\u00e9sence et l\u2019observation.<\/p>\n<p data-start=\"2024\" data-end=\"2167\"><strong data-start=\"2024\" data-end=\"2039\">Mots-cl\u00e9s :<\/strong><br data-start=\"2039\" data-end=\"2042\" \/>Exp\u00e9rience \u2013 Pr\u00e9sence \u2013 Conscience \u2013 Mouvement \u2013 Vie \u2013 R\u00e9sonance<br \/>Int\u00e9riorit\u00e9 \u2013 Transformation \u2013 R\u00e9alisation \u2013 Unit\u00e9 \u2013 Amour<\/p>\n<p>[\/dsm_card][\/et_pb_column][\/et_pb_row][et_pb_row _builder_version=\u00a0\u00bb4.27.5&Prime; _module_preset=\u00a0\u00bbdefault\u00a0\u00bb custom_padding=\u00a0\u00bb3px|||||\u00a0\u00bb][et_pb_column _builder_version=\u00a0\u00bb4.27.5&Prime; _module_preset=\u00a0\u00bbdefault\u00a0\u00bb type=\u00a0\u00bb4_4&Prime;][et_pb_text _builder_version=\u00a0\u00bb4.27.5&Prime; _module_preset=\u00a0\u00bbdefault\u00a0\u00bb alt=\u00a0\u00bbCentre M\u00e9taphysique appliqu\u00e9e.\u00a0\u00bb title_text=\u00a0\u00bbfond diff\u00e9rente m\u00e9ta\u00a0\u00bb background_image=\u00a0\u00bbhttps:\/\/cmve.ca\/wp-content\/uploads\/2026\/04\/fond-differente-meta.png\u00a0\u00bb text_font=\u00a0\u00bbTimes New Roman||||||||\u00a0\u00bb text_text_color=\u00a0\u00bb#FFFFFF\u00a0\u00bb text_font_size=\u00a0\u00bb20px\u00a0\u00bb text_orientation=\u00a0\u00bbcenter\u00a0\u00bb hover_enabled=\u00a0\u00bb0&Prime; sticky_enabled=\u00a0\u00bb0&Prime; custom_margin=\u00a0\u00bb||||false|false\u00a0\u00bb custom_padding=\u00a0\u00bb19px|35px|23px|19px|false|false\u00a0\u00bb border_radii=\u00a0\u00bbon|12px|12px|12px|12px\u00a0\u00bb]<\/p>\n<h2 data-start=\"2221\" data-end=\"2251\"><em><span role=\"text\" style=\"color: #ffffff;\"><strong data-start=\"2224\" data-end=\"2251\">L\u2019orientation du Centre<\/strong><\/span><\/em><\/h2>\n<p data-start=\"2266\" data-end=\"2316\">Le Centre s\u2019inscrit dans une m\u00e9taphysique vivante.<\/p>\n<p data-start=\"2318\" data-end=\"2495\">Ici, l\u2019attention n\u2019est pas port\u00e9e en priorit\u00e9 sur les concepts, mais sur ce que nous vivons concr\u00e8tement :<br \/>nos r\u00e9actions, nos \u00e9motions, nos relations, nos mouvements int\u00e9rieurs.<\/p>\n<p data-start=\"2497\" data-end=\"2680\">L\u2019objectif n\u2019est pas d\u2019adh\u00e9rer \u00e0 une vision, mais de reconna\u00eetre ce qui est d\u00e9j\u00e0 en train de se vivre,<br \/>afin d\u2019en comprendre les m\u00e9canismes et de laisser se lib\u00e9rer ce qui peut l\u2019\u00eatre.<\/p>\n<p>[\/et_pb_text][\/et_pb_column][\/et_pb_row][et_pb_row _builder_version=\u00a0\u00bb4.27.5&Prime; _module_preset=\u00a0\u00bbdefault\u00a0\u00bb background_color=\u00a0\u00bbrgba(131,0,233,0.06)\u00a0\u00bb hover_enabled=\u00a0\u00bb0&Prime; sticky_enabled=\u00a0\u00bb0&Prime; border_radii=\u00a0\u00bbon|8px|8px|8px|8px\u00a0\u00bb custom_padding=\u00a0\u00bb||0px|||\u00a0\u00bb][et_pb_column _builder_version=\u00a0\u00bb4.27.5&Prime; _module_preset=\u00a0\u00bbdefault\u00a0\u00bb type=\u00a0\u00bb4_4&Prime;][et_pb_text _builder_version=\u00a0\u00bb4.27.5&Prime; _module_preset=\u00a0\u00bbdefault\u00a0\u00bb text_font=\u00a0\u00bbTimes New Roman||||||||\u00a0\u00bb text_text_color=\u00a0\u00bb#5a009b\u00a0\u00bb text_font_size=\u00a0\u00bb20px\u00a0\u00bb text_orientation=\u00a0\u00bbcenter\u00a0\u00bb hover_enabled=\u00a0\u00bb0&Prime; sticky_enabled=\u00a0\u00bb0&Prime; custom_padding=\u00a0\u00bb14px||23px||false|false\u00a0\u00bb border_radii=\u00a0\u00bbon|10px|10px|10px|10px\u00a0\u00bb background_enable_color=\u00a0\u00bboff\u00a0\u00bb custom_margin=\u00a0\u00bb||-4px|||\u00a0\u00bb]<\/p>\n<h2><span style=\"color: #5500dd;\">Voir par soi-m\u00eame<\/span><\/h2>\n<p>Ces diff\u00e9rentes approches ne s&rsquo;opposent pas.<br \/>Elles offrent simplement des portes d&rsquo;entr\u00e9e diff\u00e9rentes vers la conpr\u00e9hension.<\/p>\n<p>[\/et_pb_text][\/et_pb_column][\/et_pb_row][et_pb_row _builder_version=\u00a0\u00bb4.27.5&Prime; _module_preset=\u00a0\u00bbdefault\u00a0\u00bb column_structure=\u00a0\u00bb1_2,1_2&Prime; background_color=\u00a0\u00bbrgba(131,0,233,0.09)\u00a0\u00bb hover_enabled=\u00a0\u00bb0&Prime; sticky_enabled=\u00a0\u00bb0&Prime;][et_pb_column _builder_version=\u00a0\u00bb4.27.5&Prime; _module_preset=\u00a0\u00bbdefault\u00a0\u00bb type=\u00a0\u00bb1_2&Prime;][et_pb_button button_text=\u00a0\u00bbD\u00e9couvrir la d\u00e9marche\u00a0\u00bb _builder_version=\u00a0\u00bb4.27.5&Prime; _module_preset=\u00a0\u00bbdefault\u00a0\u00bb button_alignment=\u00a0\u00bbright\u00a0\u00bb custom_button=\u00a0\u00bbon\u00a0\u00bb button_text_color=\u00a0\u00bb#FFFFFF\u00a0\u00bb button_bg_color=\u00a0\u00bb#6b00c9&Prime; button_bg_enable_color=\u00a0\u00bbon\u00a0\u00bb button_border_width=\u00a0\u00bb1px\u00a0\u00bb button_border_radius=\u00a0\u00bb6px\u00a0\u00bb button_font=\u00a0\u00bbTimes New Roman||||||||\u00a0\u00bb button_text_size=\u00a0\u00bb16px\u00a0\u00bb button_url=\u00a0\u00bbhttps:\/\/cmve.ca\/orientations-et-fondements-du-centre\/\u00a0\u00bb hover_enabled=\u00a0\u00bb0&Prime; sticky_enabled=\u00a0\u00bb0&Prime;][\/et_pb_button][\/et_pb_column][et_pb_column _builder_version=\u00a0\u00bb4.27.5&Prime; _module_preset=\u00a0\u00bbdefault\u00a0\u00bb type=\u00a0\u00bb1_2&Prime;][et_pb_button button_text=\u00a0\u00bbExtraits de concepts\u00a0\u00bb _builder_version=\u00a0\u00bb4.27.5&Prime; _module_preset=\u00a0\u00bbdefault\u00a0\u00bb button_alignment=\u00a0\u00bbleft\u00a0\u00bb custom_button=\u00a0\u00bbon\u00a0\u00bb button_text_color=\u00a0\u00bb#FFFFFF\u00a0\u00bb button_bg_color=\u00a0\u00bb#6b00c9&Prime; button_bg_enable_color=\u00a0\u00bbon\u00a0\u00bb button_border_width=\u00a0\u00bb1px\u00a0\u00bb button_border_radius=\u00a0\u00bb6px\u00a0\u00bb button_font=\u00a0\u00bbTimes New Roman||||||||\u00a0\u00bb button_text_size=\u00a0\u00bb16px\u00a0\u00bb button_url=\u00a0\u00bbhttps:\/\/cmve.ca\/les-concepts\/\u00a0\u00bb hover_enabled=\u00a0\u00bb0&Prime; sticky_enabled=\u00a0\u00bb0&Prime;][\/et_pb_button][\/et_pb_column][\/et_pb_row][\/et_pb_section]<\/p>\n","protected":false},"excerpt":{"rendered":"<p>La m\u00e9taphysique\u2026 et ses diff\u00e9rentes fa\u00e7ons de se vivreLa m\u00e9taphysique ne se vit pas toujours de la m\u00eame mani\u00e8re. Selon l\u2019approche, elle peut chercher \u00e0 comprendre la r\u00e9alit\u00e9 dans ses principes ou \u00e0 \u00e9clairer directement ce que nous vivons int\u00e9rieurement. Certaines d\u00e9marches explorent l\u2019origine, la v\u00e9rit\u00e9 ou l\u2019absolu. D\u2019autres s\u2019int\u00e9ressent \u00e0 l\u2019exp\u00e9rience, \u00e0 la pr\u00e9sence [&hellip;]<\/p>\n","protected":false},"author":1,"featured_media":0,"parent":0,"menu_order":0,"comment_status":"closed","ping_status":"closed","template":"","meta":{"_et_pb_use_builder":"on","_et_pb_old_content":"","_et_gb_content_width":"","pagelayer_contact_templates":[],"_pagelayer_content":"","footnotes":""},"class_list":["post-1917","page","type-page","status-publish","hentry"],"_links":{"self":[{"href":"https:\/\/cmve.ca\/en\/wp-json\/wp\/v2\/pages\/1917","targetHints":{"allow":["GET"]}}],"collection":[{"href":"https:\/\/cmve.ca\/en\/wp-json\/wp\/v2\/pages"}],"about":[{"href":"https:\/\/cmve.ca\/en\/wp-json\/wp\/v2\/types\/page"}],"author":[{"embeddable":true,"href":"https:\/\/cmve.ca\/en\/wp-json\/wp\/v2\/users\/1"}],"replies":[{"embeddable":true,"href":"https:\/\/cmve.ca\/en\/wp-json\/wp\/v2\/comments?post=1917"}],"version-history":[{"count":35,"href":"https:\/\/cmve.ca\/en\/wp-json\/wp\/v2\/pages\/1917\/revisions"}],"predecessor-version":[{"id":1997,"href":"https:\/\/cmve.ca\/en\/wp-json\/wp\/v2\/pages\/1917\/revisions\/1997"}],"wp:attachment":[{"href":"https:\/\/cmve.ca\/en\/wp-json\/wp\/v2\/media?parent=1917"}],"curies":[{"name":"wp","href":"https:\/\/api.w.org\/{rel}","templated":true}]}}