{"id":1568,"date":"2026-03-20T19:32:25","date_gmt":"2026-03-20T19:32:25","guid":{"rendered":"https:\/\/cmve.ca\/?page_id=1568"},"modified":"2026-03-20T19:36:05","modified_gmt":"2026-03-20T19:36:05","slug":"orientations-et-fondements-du-centre","status":"publish","type":"page","link":"https:\/\/cmve.ca\/en\/orientations-et-fondements-du-centre\/","title":{"rendered":"Orientations and foundations of the Center"},"content":{"rendered":"<p>[et_pb_section fb_built=\u00a0\u00bb1&Prime; _builder_version=\u00a0\u00bb4.27.5&Prime; _module_preset=\u00a0\u00bbdefault\u00a0\u00bb global_colors_info=\u00a0\u00bb{}\u00a0\u00bb theme_builder_area=\u00a0\u00bbpost_content\u00a0\u00bb][et_pb_row _builder_version=\u00a0\u00bb4.27.5&Prime; _module_preset=\u00a0\u00bbdefault\u00a0\u00bb global_colors_info=\u00a0\u00bb{}\u00a0\u00bb theme_builder_area=\u00a0\u00bbpost_content\u00a0\u00bb custom_padding=\u00a0\u00bb7px|||||\u00a0\u00bb custom_margin=\u00a0\u00bb-22px|auto||auto||\u00a0\u00bb][et_pb_column type=\u00a0\u00bb4_4&Prime; _builder_version=\u00a0\u00bb4.27.5&Prime; _module_preset=\u00a0\u00bbdefault\u00a0\u00bb global_colors_info=\u00a0\u00bb{}\u00a0\u00bb theme_builder_area=\u00a0\u00bbpost_content\u00a0\u00bb][et_pb_text _builder_version=\u00a0\u00bb4.27.5&Prime; _module_preset=\u00a0\u00bbdefault\u00a0\u00bb text_font=\u00a0\u00bbTimes New Roman|600|||||||\u00a0\u00bb text_font_size=\u00a0\u00bb27px\u00a0\u00bb text_orientation=\u00a0\u00bbcenter\u00a0\u00bb global_colors_info=\u00a0\u00bb{}\u00a0\u00bb theme_builder_area=\u00a0\u00bbpost_content\u00a0\u00bb]<\/p>\n<p>Orientation et fondements du Centre<\/p>\n<p>[\/et_pb_text][\/et_pb_column][\/et_pb_row][\/et_pb_section][et_pb_section fb_built=\u00a0\u00bb1&Prime; _builder_version=\u00a0\u00bb4.27.5&Prime; _module_preset=\u00a0\u00bbdefault\u00a0\u00bb custom_margin=\u00a0\u00bb-60px|||||\u00a0\u00bb custom_padding=\u00a0\u00bb8px||2px|||\u00a0\u00bb global_colors_info=\u00a0\u00bb{}\u00a0\u00bb theme_builder_area=\u00a0\u00bbpost_content\u00a0\u00bb][et_pb_row _builder_version=\u00a0\u00bb4.27.5&Prime; _module_preset=\u00a0\u00bbdefault\u00a0\u00bb custom_margin=\u00a0\u00bb-26px|auto||auto||\u00a0\u00bb custom_padding=\u00a0\u00bb13px|||||\u00a0\u00bb global_colors_info=\u00a0\u00bb{}\u00a0\u00bb theme_builder_area=\u00a0\u00bbpost_content\u00a0\u00bb][et_pb_column type=\u00a0\u00bb4_4&Prime; _builder_version=\u00a0\u00bb4.27.5&Prime; _module_preset=\u00a0\u00bbdefault\u00a0\u00bb global_colors_info=\u00a0\u00bb{}\u00a0\u00bb theme_builder_area=\u00a0\u00bbpost_content\u00a0\u00bb][et_pb_text _builder_version=\u00a0\u00bb4.27.5&Prime; _module_preset=\u00a0\u00bbdefault\u00a0\u00bb text_font=\u00a0\u00bbTimes New Roman||||||||\u00a0\u00bb text_font_size=\u00a0\u00bb22px\u00a0\u00bb text_orientation=\u00a0\u00bbjustified\u00a0\u00bb hover_enabled=\u00a0\u00bb0&Prime; global_colors_info=\u00a0\u00bb{}\u00a0\u00bb theme_builder_area=\u00a0\u00bbpost_content\u00a0\u00bb custom_margin=\u00a0\u00bb24px|||||\u00a0\u00bb sticky_enabled=\u00a0\u00bb0&Prime;]<\/p>\n<p data-start=\"2108\" data-end=\"2168\"><strong>Le Centre repose sur une vision et des fondements pr\u00e9cis.<\/strong><\/p>\n<h2 data-section-id=\"15yx5fl\" data-start=\"372\" data-end=\"381\"><\/h2>\n<h2 data-section-id=\"15yx5fl\" data-start=\"372\" data-end=\"381\">Vision<\/h2>\n<p data-start=\"383\" data-end=\"534\">Offrir un espace structur\u00e9 o\u00f9 la compr\u00e9hension des m\u00e9canismes de l\u2019exp\u00e9rience humaine favorise une \u00e9volution int\u00e9rieure lucide, responsable et durable.<\/p>\n<p data-start=\"536\" data-end=\"683\">Le Centre vise \u00e0 rendre accessibles des rep\u00e8res clairs permettant de mieux comprendre nos r\u00e9actions, nos \u00e9motions et nos dynamiques relationnelles.<\/p>\n<p>[\/et_pb_text][\/et_pb_column][\/et_pb_row][et_pb_row _builder_version=\u00a0\u00bb4.27.5&Prime; _module_preset=\u00a0\u00bbdefault\u00a0\u00bb custom_margin=\u00a0\u00bb-9px|auto||auto||\u00a0\u00bb custom_padding=\u00a0\u00bb10px|||||\u00a0\u00bb global_colors_info=\u00a0\u00bb{}\u00a0\u00bb theme_builder_area=\u00a0\u00bbpost_content\u00a0\u00bb][et_pb_column type=\u00a0\u00bb4_4&Prime; _builder_version=\u00a0\u00bb4.27.5&Prime; _module_preset=\u00a0\u00bbdefault\u00a0\u00bb global_colors_info=\u00a0\u00bb{}\u00a0\u00bb theme_builder_area=\u00a0\u00bbpost_content\u00a0\u00bb][et_pb_text _builder_version=\u00a0\u00bb4.27.5&Prime; _module_preset=\u00a0\u00bbdefault\u00a0\u00bb text_font=\u00a0\u00bbTimes New Roman||||||||\u00a0\u00bb text_font_size=\u00a0\u00bb22px\u00a0\u00bb text_orientation=\u00a0\u00bbjustified\u00a0\u00bb global_colors_info=\u00a0\u00bb{}\u00a0\u00bb theme_builder_area=\u00a0\u00bbpost_content\u00a0\u00bb]<\/p>\n<h2 data-section-id=\"1oyfhrd\" data-start=\"690\" data-end=\"700\">Mission<\/h2>\n<p data-start=\"702\" data-end=\"808\">Pr\u00e9senter et clarifier les concepts fondamentaux qui expliquent le fonctionnement de l\u2019exp\u00e9rience humaine.<\/p>\n<p data-start=\"810\" data-end=\"949\">Chaque rencontre permet d\u2019explorer un m\u00e9canisme pr\u00e9cis afin de d\u00e9velopper une compr\u00e9hension concr\u00e8te et applicable dans la vie quotidienne.<\/p>\n<p>[\/et_pb_text][\/et_pb_column][\/et_pb_row][et_pb_row _builder_version=\u00a0\u00bb4.27.5&Prime; _module_preset=\u00a0\u00bbdefault\u00a0\u00bb custom_padding=\u00a0\u00bb14px|||||\u00a0\u00bb global_colors_info=\u00a0\u00bb{}\u00a0\u00bb theme_builder_area=\u00a0\u00bbpost_content\u00a0\u00bb][et_pb_column type=\u00a0\u00bb4_4&Prime; _builder_version=\u00a0\u00bb4.27.5&Prime; _module_preset=\u00a0\u00bbdefault\u00a0\u00bb global_colors_info=\u00a0\u00bb{}\u00a0\u00bb theme_builder_area=\u00a0\u00bbpost_content\u00a0\u00bb][et_pb_text _builder_version=\u00a0\u00bb4.27.5&Prime; _module_preset=\u00a0\u00bbdefault\u00a0\u00bb text_font=\u00a0\u00bbTimes New Roman||||||||\u00a0\u00bb text_font_size=\u00a0\u00bb22px\u00a0\u00bb text_orientation=\u00a0\u00bbjustified\u00a0\u00bb global_colors_info=\u00a0\u00bb{}\u00a0\u00bb theme_builder_area=\u00a0\u00bbpost_content\u00a0\u00bb]<\/p>\n<h2 data-section-id=\"gakbb5\" data-start=\"956\" data-end=\"981\">Approche et fondements<\/h2>\n<p data-start=\"983\" data-end=\"1085\">L\u2019approche du Centre repose sur un principe simple : toute exp\u00e9rience r\u00e9v\u00e8le un m\u00e9canisme int\u00e9rieur.<\/p>\n<p data-start=\"1087\" data-end=\"1291\">Plut\u00f4t que de se concentrer sur les \u00e9v\u00e9nements eux-m\u00eames, la d\u00e9marche vise \u00e0 comprendre les processus qui transforment une situation neutre en attachement, en r\u00e9sistance, en satisfaction ou en souffrance.<\/p>\n<p data-start=\"1293\" data-end=\"1422\">Les concepts explor\u00e9s s\u2019inscrivent dans une architecture coh\u00e9rente, d\u00e9velopp\u00e9e dans le Livre \u00ab <em>Les Chemins du Retour \u00e0 la Maison<\/em> \u00bb et organis\u00e9e de mani\u00e8re progressive.<\/p>\n<p>[\/et_pb_text][\/et_pb_column][\/et_pb_row][et_pb_row _builder_version=\u00a0\u00bb4.27.5&Prime; _module_preset=\u00a0\u00bbdefault\u00a0\u00bb custom_padding=\u00a0\u00bb6px|||||\u00a0\u00bb global_colors_info=\u00a0\u00bb{}\u00a0\u00bb theme_builder_area=\u00a0\u00bbpost_content\u00a0\u00bb][et_pb_column type=\u00a0\u00bb4_4&Prime; _builder_version=\u00a0\u00bb4.27.5&Prime; _module_preset=\u00a0\u00bbdefault\u00a0\u00bb global_colors_info=\u00a0\u00bb{}\u00a0\u00bb theme_builder_area=\u00a0\u00bbpost_content\u00a0\u00bb][et_pb_text _builder_version=\u00a0\u00bb4.27.5&Prime; _module_preset=\u00a0\u00bbdefault\u00a0\u00bb text_font=\u00a0\u00bbTimes New Roman||||||||\u00a0\u00bb text_font_size=\u00a0\u00bb22px\u00a0\u00bb text_orientation=\u00a0\u00bbjustified\u00a0\u00bb global_colors_info=\u00a0\u00bb{}\u00a0\u00bb theme_builder_area=\u00a0\u00bbpost_content\u00a0\u00bb]<\/p>\n<h2 data-section-id=\"e8atpx\" data-start=\"1429\" data-end=\"1449\">D\u00e9marche propos\u00e9e<\/h2>\n<p data-start=\"1451\" data-end=\"1519\">La progression s\u2019articule autour de quatre mouvements fondamentaux :<\/p>\n<ul data-start=\"1521\" data-end=\"1658\">\n<li data-section-id=\"14xievw\" data-start=\"1521\" data-end=\"1543\">\n<p data-start=\"1523\" data-end=\"1543\">Voir ce qui se vit<\/p>\n<\/li>\n<li data-section-id=\"auau0u\" data-start=\"1544\" data-end=\"1582\">\n<p data-start=\"1546\" data-end=\"1582\">Reconna\u00eetre le m\u00e9canisme \u00e0 l\u2019\u0153uvre<\/p>\n<\/li>\n<li data-section-id=\"1t2klsm\" data-start=\"1583\" data-end=\"1619\">\n<p data-start=\"1585\" data-end=\"1619\">Accueillir l\u2019information r\u00e9v\u00e9l\u00e9e<\/p>\n<\/li>\n<li data-section-id=\"1gnlwpf\" data-start=\"1620\" data-end=\"1658\">\n<p data-start=\"1622\" data-end=\"1658\">Permettre une lib\u00e9ration naturelle<\/p>\n<\/li>\n<\/ul>\n<p data-start=\"1660\" data-end=\"1756\">Cette dynamique favorise une transformation fond\u00e9e sur la compr\u00e9hension plut\u00f4t que sur l\u2019effort.<\/p>\n<p>[\/et_pb_text][\/et_pb_column][\/et_pb_row][et_pb_row _builder_version=\u00a0\u00bb4.27.5&Prime; _module_preset=\u00a0\u00bbdefault\u00a0\u00bb custom_padding=\u00a0\u00bb5px|||||\u00a0\u00bb global_colors_info=\u00a0\u00bb{}\u00a0\u00bb theme_builder_area=\u00a0\u00bbpost_content\u00a0\u00bb][et_pb_column type=\u00a0\u00bb4_4&Prime; _builder_version=\u00a0\u00bb4.27.5&Prime; _module_preset=\u00a0\u00bbdefault\u00a0\u00bb global_colors_info=\u00a0\u00bb{}\u00a0\u00bb theme_builder_area=\u00a0\u00bbpost_content\u00a0\u00bb][et_pb_text _builder_version=\u00a0\u00bb4.27.5&Prime; _module_preset=\u00a0\u00bbdefault\u00a0\u00bb text_font=\u00a0\u00bbTimes New Roman||||||||\u00a0\u00bb text_font_size=\u00a0\u00bb22px\u00a0\u00bb text_orientation=\u00a0\u00bbjustified\u00a0\u00bb global_colors_info=\u00a0\u00bb{}\u00a0\u00bb theme_builder_area=\u00a0\u00bbpost_content\u00a0\u00bb]<\/p>\n<h2 data-section-id=\"16tz6dh\" data-start=\"1763\" data-end=\"1783\">Approche du Centre<\/h2>\n<p data-start=\"1785\" data-end=\"1862\">Le Centre adopte une approche d\u2019observation, de responsabilit\u00e9 et de maturit\u00e9.<\/p>\n<p data-start=\"1864\" data-end=\"1892\">Les rencontres encouragent :<\/p>\n<ul data-start=\"1894\" data-end=\"2023\">\n<li data-section-id=\"jvn5i0\" data-start=\"1894\" data-end=\"1916\">\n<p data-start=\"1896\" data-end=\"1916\">L\u2019\u00e9coute attentive<\/p>\n<\/li>\n<li data-section-id=\"574bei\" data-start=\"1917\" data-end=\"1945\">\n<p data-start=\"1919\" data-end=\"1945\">La r\u00e9flexion personnelle<\/p>\n<\/li>\n<li data-section-id=\"1mrgqsa\" data-start=\"1946\" data-end=\"1980\">\n<p data-start=\"1948\" data-end=\"1980\">Le respect du rythme de chacun<\/p>\n<\/li>\n<li data-section-id=\"efj5zd\" data-start=\"1981\" data-end=\"2023\">\n<p data-start=\"1983\" data-end=\"2023\">L\u2019int\u00e9gration progressive des concepts<\/p>\n<\/li>\n<\/ul>\n<p data-start=\"2025\" data-end=\"2090\">L\u2019objectif est de soutenir une compr\u00e9hension autonome et durable.<\/p>\n<p>[\/et_pb_text][\/et_pb_column][\/et_pb_row][et_pb_row _builder_version=\u00a0\u00bb4.27.5&Prime; _module_preset=\u00a0\u00bbdefault\u00a0\u00bb custom_padding=\u00a0\u00bb1px|||||\u00a0\u00bb global_colors_info=\u00a0\u00bb{}\u00a0\u00bb theme_builder_area=\u00a0\u00bbpost_content\u00a0\u00bb][et_pb_column type=\u00a0\u00bb4_4&Prime; _builder_version=\u00a0\u00bb4.27.5&Prime; _module_preset=\u00a0\u00bbdefault\u00a0\u00bb global_colors_info=\u00a0\u00bb{}\u00a0\u00bb theme_builder_area=\u00a0\u00bbpost_content\u00a0\u00bb][et_pb_text _builder_version=\u00a0\u00bb4.27.5&Prime; _module_preset=\u00a0\u00bbdefault\u00a0\u00bb text_font=\u00a0\u00bbTimes New Roman||||||||\u00a0\u00bb text_font_size=\u00a0\u00bb22px\u00a0\u00bb text_orientation=\u00a0\u00bbjustified\u00a0\u00bb global_colors_info=\u00a0\u00bb{}\u00a0\u00bb theme_builder_area=\u00a0\u00bbpost_content\u00a0\u00bb]<\/p>\n<h2 data-section-id=\"1sskud\" data-start=\"2097\" data-end=\"2129\">Public et champ d\u2019application<\/h2>\n<p>Les rencontres sont ouvertes \u00e0 toute personne int\u00e9ress\u00e9e par la compr\u00e9hension de l\u2019exp\u00e9rience humaine, sans pr\u00e9requis particulier. Elles s\u2019adressent aux personnes souhaitant approfondir leur compr\u00e9hension int\u00e9rieure et clarifier leur mani\u00e8re de vivre leurs exp\u00e9riences.<\/p>\n<p data-start=\"2280\" data-end=\"2333\">Les concepts abord\u00e9s trouvent leur application dans :<\/p>\n<ul data-start=\"2335\" data-end=\"2420\">\n<li data-section-id=\"rsaizr\" data-start=\"2335\" data-end=\"2352\">\n<p data-start=\"2337\" data-end=\"2352\">Les relations<\/p>\n<\/li>\n<li data-section-id=\"ks721i\" data-start=\"2353\" data-end=\"2369\">\n<p data-start=\"2355\" data-end=\"2369\">Les \u00e9motions<\/p>\n<\/li>\n<li data-section-id=\"5c6f5y\" data-start=\"2370\" data-end=\"2394\">\n<p data-start=\"2372\" data-end=\"2394\">Les choix personnels<\/p>\n<\/li>\n<li data-section-id=\"bltwwd\" data-start=\"2395\" data-end=\"2420\">\n<p data-start=\"2397\" data-end=\"2420\">Les dynamiques de vie<\/p>\n<\/li>\n<\/ul>\n<p>[\/et_pb_text][\/et_pb_column][\/et_pb_row][et_pb_row _builder_version=\u00a0\u00bb4.27.5&Prime; _module_preset=\u00a0\u00bbdefault\u00a0\u00bb custom_padding=\u00a0\u00bb0px|||||\u00a0\u00bb global_colors_info=\u00a0\u00bb{}\u00a0\u00bb theme_builder_area=\u00a0\u00bbpost_content\u00a0\u00bb][et_pb_column type=\u00a0\u00bb4_4&Prime; _builder_version=\u00a0\u00bb4.27.5&Prime; _module_preset=\u00a0\u00bbdefault\u00a0\u00bb global_colors_info=\u00a0\u00bb{}\u00a0\u00bb theme_builder_area=\u00a0\u00bbpost_content\u00a0\u00bb][et_pb_text _builder_version=\u00a0\u00bb4.27.5&Prime; _module_preset=\u00a0\u00bbdefault\u00a0\u00bb text_font=\u00a0\u00bbTimes New Roman||||||||\u00a0\u00bb text_font_size=\u00a0\u00bb22px\u00a0\u00bb text_orientation=\u00a0\u00bbjustified\u00a0\u00bb custom_margin=\u00a0\u00bb-20px|||||\u00a0\u00bb global_colors_info=\u00a0\u00bb{}\u00a0\u00bb theme_builder_area=\u00a0\u00bbpost_content\u00a0\u00bb]<\/p>\n<h2 data-section-id=\"16xhxph\" data-start=\"2427\" data-end=\"2444\">Positionnement<\/h2>\n<p data-start=\"2446\" data-end=\"2575\">Le Centre M\u00e9taphysique Vivante de l\u2019\u00catre constitue le socle vivant d\u2019une \u0153uvre plus large comprenant le Livre \u00ab <em>Les Chemins du Retour \u00e0 la Maison<\/em> \u00bb, les conf\u00e9rences, les ateliers, l&rsquo;accompagnement et les rencontres de groupes.<\/p>\n<p data-start=\"2577\" data-end=\"2699\">Il propose un cadre clair, structur\u00e9 et accessible, destin\u00e9 \u00e0 soutenir une exploration consciente de l\u2019exp\u00e9rience humaine.<\/p>\n<p data-start=\"2577\" data-end=\"2699\">\n<p>[\/et_pb_text][\/et_pb_column][\/et_pb_row][\/et_pb_section]<\/p>\n","protected":false},"excerpt":{"rendered":"<p>Orientation et fondements du CentreLe Centre repose sur une vision et des fondements pr\u00e9cis. Vision Offrir un espace structur\u00e9 o\u00f9 la compr\u00e9hension des m\u00e9canismes de l\u2019exp\u00e9rience humaine favorise une \u00e9volution int\u00e9rieure lucide, responsable et durable. Le Centre vise \u00e0 rendre accessibles des rep\u00e8res clairs permettant de mieux comprendre nos r\u00e9actions, nos \u00e9motions et nos dynamiques [&hellip;]<\/p>\n","protected":false},"author":1,"featured_media":0,"parent":0,"menu_order":0,"comment_status":"closed","ping_status":"closed","template":"","meta":{"_et_pb_use_builder":"on","_et_pb_old_content":"","_et_gb_content_width":"","pagelayer_contact_templates":[],"_pagelayer_content":"","footnotes":""},"class_list":["post-1568","page","type-page","status-publish","hentry"],"_links":{"self":[{"href":"https:\/\/cmve.ca\/en\/wp-json\/wp\/v2\/pages\/1568","targetHints":{"allow":["GET"]}}],"collection":[{"href":"https:\/\/cmve.ca\/en\/wp-json\/wp\/v2\/pages"}],"about":[{"href":"https:\/\/cmve.ca\/en\/wp-json\/wp\/v2\/types\/page"}],"author":[{"embeddable":true,"href":"https:\/\/cmve.ca\/en\/wp-json\/wp\/v2\/users\/1"}],"replies":[{"embeddable":true,"href":"https:\/\/cmve.ca\/en\/wp-json\/wp\/v2\/comments?post=1568"}],"version-history":[{"count":3,"href":"https:\/\/cmve.ca\/en\/wp-json\/wp\/v2\/pages\/1568\/revisions"}],"predecessor-version":[{"id":1571,"href":"https:\/\/cmve.ca\/en\/wp-json\/wp\/v2\/pages\/1568\/revisions\/1571"}],"wp:attachment":[{"href":"https:\/\/cmve.ca\/en\/wp-json\/wp\/v2\/media?parent=1568"}],"curies":[{"name":"wp","href":"https:\/\/api.w.org\/{rel}","templated":true}]}}