{"id":1479,"date":"2026-03-20T13:38:27","date_gmt":"2026-03-20T13:38:27","guid":{"rendered":"https:\/\/cmve.ca\/?page_id=1479"},"modified":"2026-04-03T15:04:24","modified_gmt":"2026-04-03T15:04:24","slug":"blog","status":"publish","type":"page","link":"https:\/\/cmve.ca\/en\/blog\/","title":{"rendered":"Blog"},"content":{"rendered":"<p>[et_pb_section fb_built=\u00a0\u00bb1&Prime; _builder_version=\u00a0\u00bb4.27.5&Prime; _module_preset=\u00a0\u00bbdefault\u00a0\u00bb custom_padding=\u00a0\u00bb||12px|||\u00a0\u00bb global_colors_info=\u00a0\u00bb{}\u00a0\u00bb][et_pb_row column_structure=\u00a0\u00bb3_4,1_4&Prime; _builder_version=\u00a0\u00bb4.27.5&Prime; _module_preset=\u00a0\u00bbdefault\u00a0\u00bb global_colors_info=\u00a0\u00bb{}\u00a0\u00bb][et_pb_column type=\u00a0\u00bb3_4&Prime; _builder_version=\u00a0\u00bb4.27.5&Prime; _module_preset=\u00a0\u00bbdefault\u00a0\u00bb global_colors_info=\u00a0\u00bb{}\u00a0\u00bb][et_pb_image src=\u00a0\u00bbhttps:\/\/cmve.ca\/wp-content\/uploads\/2026\/04\/Bann3.png\u00a0\u00bb alt=\u00a0\u00bbCentre M\u00e9taphysique appliqu\u00e9e. \u00a0\u00bb title_text=\u00a0\u00bbCentre M\u00e9taphysique appliqu\u00e9e. \u00a0\u00bb _builder_version=\u00a0\u00bb4.27.5&Prime; _module_preset=\u00a0\u00bbdefault\u00a0\u00bb hover_enabled=\u00a0\u00bb0&Prime; border_radii=\u00a0\u00bbon|10px|10px|10px|10px\u00a0\u00bb global_colors_info=\u00a0\u00bb{}\u00a0\u00bb sticky_enabled=\u00a0\u00bb0&Prime;][\/et_pb_image][et_pb_text _builder_version=\u00a0\u00bb4.27.5&Prime; _module_preset=\u00a0\u00bbdefault\u00a0\u00bb text_font=\u00a0\u00bbTimes New Roman||||||||\u00a0\u00bb text_text_color=\u00a0\u00bb#000000&Prime; text_font_size=\u00a0\u00bb22px\u00a0\u00bb text_orientation=\u00a0\u00bbjustified\u00a0\u00bb global_colors_info=\u00a0\u00bb{}\u00a0\u00bb]<\/p>\n<h2 data-start=\"389\" data-end=\"431\"><strong data-start=\"389\" data-end=\"431\">Comprendre l\u2019exp\u00e9rience humaine<\/strong><\/h2>\n<p data-start=\"433\" data-end=\"619\">Cet espace propose des articles de fond consacr\u00e9s \u00e0 la compr\u00e9hension de l\u2019exp\u00e9rience humaine et des m\u00e9canismes int\u00e9rieurs qui influencent nos perceptions, nos r\u00e9actions et nos relations.<\/p>\n<p data-start=\"621\" data-end=\"861\">\u00c0 travers une approche claire, structur\u00e9e et accessible, ces textes explorent des th\u00e8mes universels tels que la connaissance de soi, les \u00e9motions, les sch\u00e9mas r\u00e9p\u00e9titifs, les relations humaines et les processus de transformation int\u00e9rieure.<\/p>\n<p data-start=\"863\" data-end=\"1039\">Chaque article vise \u00e0 apporter des rep\u00e8res concrets pour mieux observer, comprendre et traverser ce qui se vit au quotidien, sans simplification excessive ni discours abstrait.<\/p>\n<p data-start=\"940\" data-end=\"1157\">Ces articles peuvent \u00eatre lus dans l\u2019ordre ou selon l\u2019int\u00e9r\u00eat du moment. Chacun propose un angle de compr\u00e9hension diff\u00e9rent et peut servir de point d\u2019appui pour une observation plus consciente de l\u2019exp\u00e9rience v\u00e9cue.<\/p>\n<p data-start=\"1164\" data-end=\"1299\">Nous vous invitons \u00e0 parcourir librement les textes propos\u00e9s et \u00e0 revenir \u00e0 ceux qui r\u00e9sonnent le plus avec votre cheminement actuel.<\/p>\n<p data-start=\"1306\" data-end=\"1549\">Si certains textes vous interpellent particuli\u00e8rement ou suscitent des questions, vous pouvez nous contacter pour obtenir des informations compl\u00e9mentaires ou pour approfondir les th\u00e8mes abord\u00e9s, notamment en utilisant le formulaire de contact.<\/p>\n<p data-start=\"1306\" data-end=\"1549\">\ud83d\udcbb <a href=\"https:\/\/cmve.ca\/en\/contact\/\">formulaire de contact<\/a><\/p>\n<p>[\/et_pb_text][\/et_pb_column][et_pb_column type=\u00a0\u00bb1_4&Prime; _builder_version=\u00a0\u00bb4.27.5&Prime; _module_preset=\u00a0\u00bbdefault\u00a0\u00bb global_colors_info=\u00a0\u00bb{}\u00a0\u00bb][et_pb_sidebar _builder_version=\u00a0\u00bb4.27.5&Prime; _module_preset=\u00a0\u00bbdefault\u00a0\u00bb global_colors_info=\u00a0\u00bb{}\u00a0\u00bb][\/et_pb_sidebar][\/et_pb_column][\/et_pb_row][\/et_pb_section]<\/p>\n","protected":false},"excerpt":{"rendered":"<p>Comprendre l\u2019exp\u00e9rience humaine Cet espace propose des articles de fond consacr\u00e9s \u00e0 la compr\u00e9hension de l\u2019exp\u00e9rience humaine et des m\u00e9canismes int\u00e9rieurs qui influencent nos perceptions, nos r\u00e9actions et nos relations. \u00c0 travers une approche claire, structur\u00e9e et accessible, ces textes explorent des th\u00e8mes universels tels que la connaissance de soi, les \u00e9motions, les sch\u00e9mas r\u00e9p\u00e9titifs, [&hellip;]<\/p>\n","protected":false},"author":1,"featured_media":0,"parent":0,"menu_order":0,"comment_status":"closed","ping_status":"closed","template":"","meta":{"_et_pb_use_builder":"on","_et_pb_old_content":"","_et_gb_content_width":"","pagelayer_contact_templates":[],"_pagelayer_content":"","footnotes":""},"class_list":["post-1479","page","type-page","status-publish","hentry"],"_links":{"self":[{"href":"https:\/\/cmve.ca\/en\/wp-json\/wp\/v2\/pages\/1479","targetHints":{"allow":["GET"]}}],"collection":[{"href":"https:\/\/cmve.ca\/en\/wp-json\/wp\/v2\/pages"}],"about":[{"href":"https:\/\/cmve.ca\/en\/wp-json\/wp\/v2\/types\/page"}],"author":[{"embeddable":true,"href":"https:\/\/cmve.ca\/en\/wp-json\/wp\/v2\/users\/1"}],"replies":[{"embeddable":true,"href":"https:\/\/cmve.ca\/en\/wp-json\/wp\/v2\/comments?post=1479"}],"version-history":[{"count":22,"href":"https:\/\/cmve.ca\/en\/wp-json\/wp\/v2\/pages\/1479\/revisions"}],"predecessor-version":[{"id":1818,"href":"https:\/\/cmve.ca\/en\/wp-json\/wp\/v2\/pages\/1479\/revisions\/1818"}],"wp:attachment":[{"href":"https:\/\/cmve.ca\/en\/wp-json\/wp\/v2\/media?parent=1479"}],"curies":[{"name":"wp","href":"https:\/\/api.w.org\/{rel}","templated":true}]}}